{"id":1045,"date":"2021-06-07T11:33:21","date_gmt":"2021-06-07T09:33:21","guid":{"rendered":"http:\/\/dinom.de\/arca\/?page_id=1045"},"modified":"2021-08-02T09:06:39","modified_gmt":"2021-08-02T07:06:39","slug":"pstwo-pedikel-schrauben","status":"publish","type":"page","link":"http:\/\/dinom.de\/arca\/produkte\/pstwo-pedikel-schrauben\/","title":{"rendered":"PsTwo\u2122 Pedikel-Schrauben"},"content":{"rendered":"\n\t<section class=\"section\" id=\"section_1859956799\">\n\t\t<div class=\"bg section-bg fill bg-fill  bg-loaded\" >\n\n\t\t\t\n\t\t\t<div class=\"section-bg-overlay absolute fill\"><\/div>\n\t\t\t\n\n\t\t<\/div>\n\n\t\t<div class=\"section-content relative\">\n\t\t\t\n\n<div class=\"row row-large align-middle\"  id=\"row-1785158739\">\n\n\n\t<div id=\"col-930061368\" class=\"col medium-6 small-12 large-6\"  >\n\t\t<div class=\"col-inner\"  >\n\t\t\t\n\t\t\t\n\n<div class=\"slider-wrapper relative\" id=\"slider-1946827848\" >\n    <div class=\"slider slider-nav-circle slider-nav-large slider-nav-light slider-style-normal\"\n        data-flickity-options='{\n            \"cellAlign\": \"center\",\n            \"imagesLoaded\": true,\n            \"lazyLoad\": 1,\n            \"freeScroll\": false,\n            \"wrapAround\": true,\n            \"autoPlay\": 3000,\n            \"pauseAutoPlayOnHover\" : true,\n            \"prevNextButtons\": true,\n            \"contain\" : true,\n            \"adaptiveHeight\" : true,\n            \"dragThreshold\" : 10,\n            \"percentPosition\": true,\n            \"pageDots\": true,\n            \"rightToLeft\": false,\n            \"draggable\": true,\n            \"selectedAttraction\": 0.1,\n            \"parallax\" : 0,\n            \"friction\": 0.6        }'\n        >\n        \n\n\t<div class=\"img has-hover x md-x lg-x y md-y lg-y\" id=\"image_334030729\">\n\t\t\t\t\t\t\t\t<div class=\"img-inner dark\" >\n\t\t\t<img loading=\"lazy\" decoding=\"async\" width=\"1020\" height=\"751\" src=\"http:\/\/dinom.de\/arca\/wp-content\/uploads\/2021\/06\/Alle-Schrauben-klein-1086x800.jpg\" class=\"attachment-large size-large\" alt=\"\" srcset=\"http:\/\/dinom.de\/arca\/wp-content\/uploads\/2021\/06\/Alle-Schrauben-klein-1086x800.jpg 1086w, http:\/\/dinom.de\/arca\/wp-content\/uploads\/2021\/06\/Alle-Schrauben-klein-543x400.jpg 543w, http:\/\/dinom.de\/arca\/wp-content\/uploads\/2021\/06\/Alle-Schrauben-klein-768x566.jpg 768w, http:\/\/dinom.de\/arca\/wp-content\/uploads\/2021\/06\/Alle-Schrauben-klein-1536x1132.jpg 1536w, http:\/\/dinom.de\/arca\/wp-content\/uploads\/2021\/06\/Alle-Schrauben-klein-2048x1509.jpg 2048w, http:\/\/dinom.de\/arca\/wp-content\/uploads\/2021\/06\/Alle-Schrauben-klein-600x442.jpg 600w\" sizes=\"auto, (max-width: 1020px) 100vw, 1020px\" \/>\t\t\t\t\t\t\n\t\t\t\t\t<\/div>\n\t\t\t\t\t\t\t\t\n<style>\n#image_334030729 {\n  width: 100%;\n}\n<\/style>\n\t<\/div>\n\t\n\n\t<div class=\"img has-hover x md-x lg-x y md-y lg-y\" id=\"image_1442101530\">\n\t\t\t\t\t\t\t\t<div class=\"img-inner dark\" >\n\t\t\t<img loading=\"lazy\" decoding=\"async\" width=\"1020\" height=\"751\" src=\"http:\/\/dinom.de\/arca\/wp-content\/uploads\/2021\/06\/Repo-50mm-mit-laser-quer-1086x800.jpg\" class=\"attachment-large size-large\" alt=\"\" srcset=\"http:\/\/dinom.de\/arca\/wp-content\/uploads\/2021\/06\/Repo-50mm-mit-laser-quer-1086x800.jpg 1086w, http:\/\/dinom.de\/arca\/wp-content\/uploads\/2021\/06\/Repo-50mm-mit-laser-quer-543x400.jpg 543w, http:\/\/dinom.de\/arca\/wp-content\/uploads\/2021\/06\/Repo-50mm-mit-laser-quer-768x566.jpg 768w, http:\/\/dinom.de\/arca\/wp-content\/uploads\/2021\/06\/Repo-50mm-mit-laser-quer-600x442.jpg 600w, http:\/\/dinom.de\/arca\/wp-content\/uploads\/2021\/06\/Repo-50mm-mit-laser-quer.jpg 1432w\" sizes=\"auto, (max-width: 1020px) 100vw, 1020px\" \/>\t\t\t\t\t\t\n\t\t\t\t\t<\/div>\n\t\t\t\t\t\t\t\t\n<style>\n#image_1442101530 {\n  width: 100%;\n}\n<\/style>\n\t<\/div>\n\t\n\n\t<div class=\"img has-hover x md-x lg-x y md-y lg-y\" id=\"image_807429974\">\n\t\t\t\t\t\t\t\t<div class=\"img-inner dark\" >\n\t\t\t<img loading=\"lazy\" decoding=\"async\" width=\"1020\" height=\"751\" src=\"http:\/\/dinom.de\/arca\/wp-content\/uploads\/2021\/06\/Poly-50mm-mit-laser-quer.jpg\" class=\"attachment-large size-large\" alt=\"\" srcset=\"http:\/\/dinom.de\/arca\/wp-content\/uploads\/2021\/06\/Poly-50mm-mit-laser-quer.jpg 1070w, http:\/\/dinom.de\/arca\/wp-content\/uploads\/2021\/06\/Poly-50mm-mit-laser-quer-543x400.jpg 543w, http:\/\/dinom.de\/arca\/wp-content\/uploads\/2021\/06\/Poly-50mm-mit-laser-quer-768x566.jpg 768w, http:\/\/dinom.de\/arca\/wp-content\/uploads\/2021\/06\/Poly-50mm-mit-laser-quer-600x442.jpg 600w\" sizes=\"auto, (max-width: 1020px) 100vw, 1020px\" \/>\t\t\t\t\t\t\n\t\t\t\t\t<\/div>\n\t\t\t\t\t\t\t\t\n<style>\n#image_807429974 {\n  width: 100%;\n}\n<\/style>\n\t<\/div>\n\t\n\n\n     <\/div>\n\n     <div class=\"loading-spin dark large centered\"><\/div>\n\n     \t<\/div>\n\n\n\n\t\t<\/div>\n\t\t\t<\/div>\n\n\t\n\n\t<div id=\"col-1196480316\" class=\"col medium-6 small-12 large-6\"  >\n\t\t<div class=\"col-inner text-left\"  >\n\t\t\t\n\t\t\t\n\n<h1>PsTwo\u2122 &#8211; unkompliziert und sicher\u00a0<\/h1>\n<p>Das PsTwo\u2122 System umfasst ein Set aus Pedikelschrauben, St\u00e4ben, Muttern zur Schraube und Instrumenten. PsTwo\u2122 wurde speziell f\u00fcr die tempor\u00e4re oder permanente Korrektur\/Stabilisation der Wirbels\u00e4ule zwischen Brustwirbel und Kreuzbein entwickelt und f\u00f6rdert die Konsolidierung bzw. das Zusammenwachsen der Knochen. In Verbindung mit einem lumbalen Cage f\u00e4ngt PsTwo\u2122 die intervertebrale Belastung auf und erleichtert die Osteosynthese.<\/p>\n<p>PsTwo\u2122 ist ein einfaches und sicheres Verfahren f\u00fcr Operationen an der Wirbels\u00e4ule. Das Set besteht aus Polyschrauben und Repositionsschrauben.<\/p>\n\n\t\t<\/div>\n\t\t\t<\/div>\n\n\t\n\n<\/div>\n\n\t\t<\/div>\n\n\t\t\n<style>\n#section_1859956799 {\n  padding-top: 60px;\n  padding-bottom: 60px;\n  background-color: rgb(255, 255, 255);\n}\n#section_1859956799 .section-bg-overlay {\n  background-color: rgba(255, 255, 255, 0.85);\n}\n<\/style>\n\t<\/section>\n\t\n\t<section class=\"section\" id=\"section_794479348\">\n\t\t<div class=\"bg section-bg fill bg-fill  bg-loaded\" >\n\n\t\t\t\n\t\t\t<div class=\"section-bg-overlay absolute fill\"><\/div>\n\t\t\t\n\n\t\t<\/div>\n\n\t\t<div class=\"section-content relative\">\n\t\t\t\n\n<div class=\"row row-large align-middle\"  id=\"row-1084740288\">\n\n\n\t<div id=\"col-1013705100\" class=\"col medium-6 small-12 large-6\"  >\n\t\t<div class=\"col-inner\"  >\n\t\t\t\n\t\t\t\n\n\t<div class=\"img has-hover x md-x lg-x y md-y lg-y\" id=\"image_144586888\">\n\t\t<a class=\"\" href=\"http:\/\/dinom.de\/arca\/wp-content\/uploads\/2021\/08\/PsTwo-Produktinformationen-web.pdf\" target=\"_blank\" rel=\"noopener noreferrer\" >\t\t\t\t\t\t<div class=\"img-inner dark\" >\n\t\t\t<img loading=\"lazy\" decoding=\"async\" width=\"550\" height=\"786\" src=\"http:\/\/dinom.de\/arca\/wp-content\/uploads\/2021\/06\/Unbenannt.jpg\" class=\"attachment-large size-large\" alt=\"\" srcset=\"http:\/\/dinom.de\/arca\/wp-content\/uploads\/2021\/06\/Unbenannt.jpg 550w, http:\/\/dinom.de\/arca\/wp-content\/uploads\/2021\/06\/Unbenannt-280x400.jpg 280w\" sizes=\"auto, (max-width: 550px) 100vw, 550px\" \/>\t\t\t\t\t\t\n\t\t\t\t\t<\/div>\n\t\t\t\t\t\t<\/a>\t\t\n<style>\n#image_144586888 {\n  width: 60%;\n}\n<\/style>\n\t<\/div>\n\t\n\n\n\t\t<\/div>\n\t\t\t<\/div>\n\n\t\n\n\t<div id=\"col-1447240817\" class=\"col medium-6 small-12 large-6\"  >\n\t\t<div class=\"col-inner text-left\"  >\n\t\t\t\n\t\t\t\n\n<h1>PsTwo\u2122 Produktinformationen<\/h1>\n<p>\u00a0<\/p>\n<a rel=\"noopener noreferrer\" href=\"http:\/\/dinom.de\/arca\/wp-content\/uploads\/2021\/08\/PsTwo-Produktinformationen-web.pdf\" target=\"_blank\" class=\"button primary lowercase\"  >\n    <span>Produktbrosch\u00fcre PsTwo (PDF)<\/span>\n  <\/a>\n\n\n\n\t\t<\/div>\n\t\t\t<\/div>\n\n\t\n\n<\/div>\n\n\t\t<\/div>\n\n\t\t\n<style>\n#section_794479348 {\n  padding-top: 60px;\n  padding-bottom: 60px;\n  background-color: rgb(193, 193, 193);\n}\n#section_794479348 .section-bg-overlay {\n  background-color: rgba(255, 255, 255, 0.85);\n}\n<\/style>\n\t<\/section>\n\t\n\n","protected":false},"excerpt":{"rendered":"","protected":false},"author":1,"featured_media":0,"parent":887,"menu_order":0,"comment_status":"closed","ping_status":"closed","template":"page-blank.php","meta":{"footnotes":""},"class_list":["post-1045","page","type-page","status-publish","hentry"],"_links":{"self":[{"href":"http:\/\/dinom.de\/arca\/wp-json\/wp\/v2\/pages\/1045","targetHints":{"allow":["GET"]}}],"collection":[{"href":"http:\/\/dinom.de\/arca\/wp-json\/wp\/v2\/pages"}],"about":[{"href":"http:\/\/dinom.de\/arca\/wp-json\/wp\/v2\/types\/page"}],"author":[{"embeddable":true,"href":"http:\/\/dinom.de\/arca\/wp-json\/wp\/v2\/users\/1"}],"replies":[{"embeddable":true,"href":"http:\/\/dinom.de\/arca\/wp-json\/wp\/v2\/comments?post=1045"}],"version-history":[{"count":6,"href":"http:\/\/dinom.de\/arca\/wp-json\/wp\/v2\/pages\/1045\/revisions"}],"predecessor-version":[{"id":1247,"href":"http:\/\/dinom.de\/arca\/wp-json\/wp\/v2\/pages\/1045\/revisions\/1247"}],"up":[{"embeddable":true,"href":"http:\/\/dinom.de\/arca\/wp-json\/wp\/v2\/pages\/887"}],"wp:attachment":[{"href":"http:\/\/dinom.de\/arca\/wp-json\/wp\/v2\/media?parent=1045"}],"curies":[{"name":"wp","href":"https:\/\/api.w.org\/{rel}","templated":true}]}}