{"id":1064,"date":"2021-06-07T14:18:49","date_gmt":"2021-06-07T12:18:49","guid":{"rendered":"http:\/\/dinom.de\/arca\/?page_id=1064"},"modified":"2021-08-02T09:05:32","modified_gmt":"2021-08-02T07:05:32","slug":"le-u","status":"publish","type":"page","link":"http:\/\/dinom.de\/arca\/produkte\/le-u\/","title":{"rendered":"Le U"},"content":{"rendered":"\n\t<section class=\"section\" id=\"section_1243921891\">\n\t\t<div class=\"bg section-bg fill bg-fill  bg-loaded\" >\n\n\t\t\t\n\t\t\t<div class=\"section-bg-overlay absolute fill\"><\/div>\n\t\t\t\n\n\t\t<\/div>\n\n\t\t<div class=\"section-content relative\">\n\t\t\t\n\n<div class=\"row row-large align-middle\"  id=\"row-49741743\">\n\n\n\t<div id=\"col-2005558287\" class=\"col medium-6 small-12 large-6\"  >\n\t\t<div class=\"col-inner\"  >\n\t\t\t\n\t\t\t\n\n<div class=\"slider-wrapper relative\" id=\"slider-1692335757\" >\n    <div class=\"slider slider-nav-circle slider-nav-large slider-nav-light slider-style-normal\"\n        data-flickity-options='{\n            \"cellAlign\": \"center\",\n            \"imagesLoaded\": true,\n            \"lazyLoad\": 1,\n            \"freeScroll\": false,\n            \"wrapAround\": true,\n            \"autoPlay\": 3000,\n            \"pauseAutoPlayOnHover\" : true,\n            \"prevNextButtons\": true,\n            \"contain\" : true,\n            \"adaptiveHeight\" : true,\n            \"dragThreshold\" : 10,\n            \"percentPosition\": true,\n            \"pageDots\": true,\n            \"rightToLeft\": false,\n            \"draggable\": true,\n            \"selectedAttraction\": 0.1,\n            \"parallax\" : 0,\n            \"friction\": 0.6        }'\n        >\n        \n\n\t<div class=\"img has-hover x md-x lg-x y md-y lg-y\" id=\"image_2100660901\">\n\t\t\t\t\t\t\t\t<div class=\"img-inner dark\" >\n\t\t\t<img loading=\"lazy\" decoding=\"async\" width=\"603\" height=\"392\" src=\"http:\/\/dinom.de\/arca\/wp-content\/uploads\/2021\/06\/LeU_052-e1623070743691.jpg\" class=\"attachment-large size-large\" alt=\"\" \/>\t\t\t\t\t\t\n\t\t\t\t\t<\/div>\n\t\t\t\t\t\t\t\t\n<style>\n#image_2100660901 {\n  width: 100%;\n}\n<\/style>\n\t<\/div>\n\t\n\n\t<div class=\"img has-hover x md-x lg-x y md-y lg-y\" id=\"image_1226913889\">\n\t\t\t\t\t\t\t\t<div class=\"img-inner dark\" >\n\t\t\t<img loading=\"lazy\" decoding=\"async\" width=\"603\" height=\"392\" src=\"http:\/\/dinom.de\/arca\/wp-content\/uploads\/2021\/06\/LeU_06.jpg\" class=\"attachment-large size-large\" alt=\"\" srcset=\"http:\/\/dinom.de\/arca\/wp-content\/uploads\/2021\/06\/LeU_06.jpg 603w, http:\/\/dinom.de\/arca\/wp-content\/uploads\/2021\/06\/LeU_06-600x390.jpg 600w\" sizes=\"auto, (max-width: 603px) 100vw, 603px\" \/>\t\t\t\t\t\t\n\t\t\t\t\t<\/div>\n\t\t\t\t\t\t\t\t\n<style>\n#image_1226913889 {\n  width: 100%;\n}\n<\/style>\n\t<\/div>\n\t\n\n\n     <\/div>\n\n     <div class=\"loading-spin dark large centered\"><\/div>\n\n     \t<\/div>\n\n\n\n\t\t<\/div>\n\t\t\t<\/div>\n\n\t\n\n\t<div id=\"col-501911864\" class=\"col medium-6 small-12 large-6\"  >\n\t\t<div class=\"col-inner text-left\"  >\n\t\t\t\n\t\t\t\n\n<h1>Le U &#8211; Das System zur Dynamischen Stabilisierung<\/h1>\n<p>Das Titanimplantat Le U wird eingesetzt nach dekomprimierenden Eingriffen bei Lumbalkanalstenose und auch isoliert bei Facetteninstabilit\u00e4t. Das Implantat stabilisiert das operierte Segment und erh\u00e4lt seine Beweglichkeit. Die Patienten gewinnen ein St\u00fcck Lebensqualit\u00e4t zur\u00fcck, denn durch Le U wird schnell sowohl Beweglichkeit, als auch Stabilit\u00e4t erreicht.<\/p>\n<p>Die Zufriedenheit der Patienten nach der dynamischen Stabilisierung und die Einfachheit des chirurgischen Eingriffs sprechen f\u00fcr Le U.<\/p>\n\n\t\t<\/div>\n\t\t\t<\/div>\n\n\t\n\n<\/div>\n\n\t\t<\/div>\n\n\t\t\n<style>\n#section_1243921891 {\n  padding-top: 60px;\n  padding-bottom: 60px;\n  background-color: rgb(255, 255, 255);\n}\n#section_1243921891 .section-bg-overlay {\n  background-color: rgba(255, 255, 255, 0.85);\n}\n<\/style>\n\t<\/section>\n\t\n\t<section class=\"section\" id=\"section_803094929\">\n\t\t<div class=\"bg section-bg fill bg-fill  bg-loaded\" >\n\n\t\t\t\n\t\t\t\n\t\t\t\n\n\t\t<\/div>\n\n\t\t<div class=\"section-content relative\">\n\t\t\t\n\n<div class=\"row\"  id=\"row-309531217\">\n\n\n\t<div id=\"col-305344949\" class=\"col small-12 large-12\"  >\n\t\t<div class=\"col-inner\"  >\n\t\t\t\n\t\t\t\n\n\t<div id=\"text-247074247\" class=\"text\">\n\t\t\n\n<h1>Was leistet das LeU?<\/h1>\n\t\t\n<style>\n#text-247074247 {\n  text-align: left;\n}\n<\/style>\n\t<\/div>\n\t\n\n\t\t<\/div>\n\t\t\t<\/div>\n\n\t\n\n<\/div>\n<div class=\"row\"  id=\"row-1541926204\">\n\n\n\t<div id=\"col-1201160084\" class=\"col medium-4 small-12 large-4\"  >\n\t\t<div class=\"col-inner\"  >\n\t\t\t\n\t\t\t\n\n<div class=\"row align-middle\"  id=\"row-767560494\">\n\n\n\t<div id=\"col-97961057\" class=\"col medium-3 small-12 large-3\"  >\n\t\t<div class=\"col-inner\"  >\n\t\t\t\n\t\t\t\n\n\t<div class=\"img has-hover x md-x lg-x y md-y lg-y\" id=\"image_930644092\">\n\t\t\t\t\t\t\t\t<div class=\"img-inner dark\" >\n\t\t\t<img loading=\"lazy\" decoding=\"async\" width=\"512\" height=\"512\" src=\"http:\/\/dinom.de\/arca\/wp-content\/uploads\/2021\/06\/check-mark.png\" class=\"attachment-large size-large\" alt=\"\" srcset=\"http:\/\/dinom.de\/arca\/wp-content\/uploads\/2021\/06\/check-mark.png 512w, http:\/\/dinom.de\/arca\/wp-content\/uploads\/2021\/06\/check-mark-400x400.png 400w, http:\/\/dinom.de\/arca\/wp-content\/uploads\/2021\/06\/check-mark-280x280.png 280w, http:\/\/dinom.de\/arca\/wp-content\/uploads\/2021\/06\/check-mark-300x300.png 300w, http:\/\/dinom.de\/arca\/wp-content\/uploads\/2021\/06\/check-mark-100x100.png 100w\" sizes=\"auto, (max-width: 512px) 100vw, 512px\" \/>\t\t\t\t\t\t\n\t\t\t\t\t<\/div>\n\t\t\t\t\t\t\t\t\n<style>\n#image_930644092 {\n  width: 100%;\n}\n<\/style>\n\t<\/div>\n\t\n\n\n\t\t<\/div>\n\t\t\t<\/div>\n\n\t\n\n\t<div id=\"col-1923546719\" class=\"col medium-9 small-12 large-9\"  >\n\t\t<div class=\"col-inner\"  >\n\t\t\t\n\t\t\t\n\n\t<div id=\"text-593007813\" class=\"text\">\n\t\t\n\n<p>Es entlastet und sch\u00fctzt mechanisch die kleinen Wirbelgelenke.<\/p>\n\t\t\n<style>\n#text-593007813 {\n  font-size: 1.1rem;\n}\n<\/style>\n\t<\/div>\n\t\n\n\t\t<\/div>\n\t\t\t<\/div>\n\n\t\n\n<\/div>\n\n\t\t<\/div>\n\t\t\t<\/div>\n\n\t\n\n\t<div id=\"col-2113246643\" class=\"col medium-4 small-12 large-4\"  >\n\t\t<div class=\"col-inner\"  >\n\t\t\t\n\t\t\t\n\n<div class=\"row align-middle\"  id=\"row-314778789\">\n\n\n\t<div id=\"col-492381230\" class=\"col medium-3 small-12 large-3\"  >\n\t\t<div class=\"col-inner\"  >\n\t\t\t\n\t\t\t\n\n\t<div class=\"img has-hover x md-x lg-x y md-y lg-y\" id=\"image_1486207933\">\n\t\t\t\t\t\t\t\t<div class=\"img-inner dark\" >\n\t\t\t<img loading=\"lazy\" decoding=\"async\" width=\"512\" height=\"512\" src=\"http:\/\/dinom.de\/arca\/wp-content\/uploads\/2021\/06\/check-mark.png\" class=\"attachment-large size-large\" alt=\"\" srcset=\"http:\/\/dinom.de\/arca\/wp-content\/uploads\/2021\/06\/check-mark.png 512w, http:\/\/dinom.de\/arca\/wp-content\/uploads\/2021\/06\/check-mark-400x400.png 400w, http:\/\/dinom.de\/arca\/wp-content\/uploads\/2021\/06\/check-mark-280x280.png 280w, http:\/\/dinom.de\/arca\/wp-content\/uploads\/2021\/06\/check-mark-300x300.png 300w, http:\/\/dinom.de\/arca\/wp-content\/uploads\/2021\/06\/check-mark-100x100.png 100w\" sizes=\"auto, (max-width: 512px) 100vw, 512px\" \/>\t\t\t\t\t\t\n\t\t\t\t\t<\/div>\n\t\t\t\t\t\t\t\t\n<style>\n#image_1486207933 {\n  width: 100%;\n}\n<\/style>\n\t<\/div>\n\t\n\n\n\t\t<\/div>\n\t\t\t<\/div>\n\n\t\n\n\t<div id=\"col-1479688056\" class=\"col medium-9 small-12 large-9\"  >\n\t\t<div class=\"col-inner\"  >\n\t\t\t\n\t\t\t\n\n\t<div id=\"text-1254316926\" class=\"text\">\n\t\t\n\n<p>Es sch\u00fctzt die Bandscheibe, weil es einen Teil der Belastung \u00fcbernimmt.<\/p>\n\t\t\n<style>\n#text-1254316926 {\n  font-size: 1.1rem;\n}\n<\/style>\n\t<\/div>\n\t\n\n\t\t<\/div>\n\t\t\t<\/div>\n\n\t\n\n<\/div>\n\n\t\t<\/div>\n\t\t\t<\/div>\n\n\t\n\n\t<div id=\"col-88351418\" class=\"col medium-4 small-12 large-4\"  >\n\t\t<div class=\"col-inner\"  >\n\t\t\t\n\t\t\t\n\n<div class=\"row align-middle\"  id=\"row-70163432\">\n\n\n\t<div id=\"col-1979139115\" class=\"col medium-3 small-12 large-3\"  >\n\t\t<div class=\"col-inner\"  >\n\t\t\t\n\t\t\t\n\n\t<div class=\"img has-hover x md-x lg-x y md-y lg-y\" id=\"image_1787490909\">\n\t\t\t\t\t\t\t\t<div class=\"img-inner dark\" >\n\t\t\t<img loading=\"lazy\" decoding=\"async\" width=\"512\" height=\"512\" src=\"http:\/\/dinom.de\/arca\/wp-content\/uploads\/2021\/06\/check-mark.png\" class=\"attachment-large size-large\" alt=\"\" srcset=\"http:\/\/dinom.de\/arca\/wp-content\/uploads\/2021\/06\/check-mark.png 512w, http:\/\/dinom.de\/arca\/wp-content\/uploads\/2021\/06\/check-mark-400x400.png 400w, http:\/\/dinom.de\/arca\/wp-content\/uploads\/2021\/06\/check-mark-280x280.png 280w, http:\/\/dinom.de\/arca\/wp-content\/uploads\/2021\/06\/check-mark-300x300.png 300w, http:\/\/dinom.de\/arca\/wp-content\/uploads\/2021\/06\/check-mark-100x100.png 100w\" sizes=\"auto, (max-width: 512px) 100vw, 512px\" \/>\t\t\t\t\t\t\n\t\t\t\t\t<\/div>\n\t\t\t\t\t\t\t\t\n<style>\n#image_1787490909 {\n  width: 100%;\n}\n<\/style>\n\t<\/div>\n\t\n\n\n\t\t<\/div>\n\t\t\t<\/div>\n\n\t\n\n\t<div id=\"col-1227418995\" class=\"col medium-9 small-12 large-9\"  >\n\t\t<div class=\"col-inner\"  >\n\t\t\t\n\t\t\t\n\n\t<div id=\"text-1611481969\" class=\"text\">\n\t\t\n\n<p>Es erh\u00e4lt die Beweglichkeit vor allem in Extension, aber auch in Rotation.<\/p>\n\t\t\n<style>\n#text-1611481969 {\n  font-size: 1.1rem;\n}\n<\/style>\n\t<\/div>\n\t\n\n\t\t<\/div>\n\t\t\t<\/div>\n\n\t\n\n<\/div>\n\n\t\t<\/div>\n\t\t\t<\/div>\n\n\t\n\n<\/div>\n<div class=\"row\"  id=\"row-197419724\">\n\n\n\t<div id=\"col-559557282\" class=\"col medium-4 small-12 large-4\"  >\n\t\t<div class=\"col-inner\"  >\n\t\t\t\n\t\t\t\n\n<div class=\"row align-middle\"  id=\"row-1527557794\">\n\n\n\t<div id=\"col-749011628\" class=\"col medium-3 small-12 large-3\"  >\n\t\t<div class=\"col-inner\"  >\n\t\t\t\n\t\t\t\n\n\t<div class=\"img has-hover x md-x lg-x y md-y lg-y\" id=\"image_1322431446\">\n\t\t\t\t\t\t\t\t<div class=\"img-inner dark\" >\n\t\t\t<img loading=\"lazy\" decoding=\"async\" width=\"512\" height=\"512\" src=\"http:\/\/dinom.de\/arca\/wp-content\/uploads\/2021\/06\/check-mark.png\" class=\"attachment-large size-large\" alt=\"\" srcset=\"http:\/\/dinom.de\/arca\/wp-content\/uploads\/2021\/06\/check-mark.png 512w, http:\/\/dinom.de\/arca\/wp-content\/uploads\/2021\/06\/check-mark-400x400.png 400w, http:\/\/dinom.de\/arca\/wp-content\/uploads\/2021\/06\/check-mark-280x280.png 280w, http:\/\/dinom.de\/arca\/wp-content\/uploads\/2021\/06\/check-mark-300x300.png 300w, http:\/\/dinom.de\/arca\/wp-content\/uploads\/2021\/06\/check-mark-100x100.png 100w\" sizes=\"auto, (max-width: 512px) 100vw, 512px\" \/>\t\t\t\t\t\t\n\t\t\t\t\t<\/div>\n\t\t\t\t\t\t\t\t\n<style>\n#image_1322431446 {\n  width: 100%;\n}\n<\/style>\n\t<\/div>\n\t\n\n\n\t\t<\/div>\n\t\t\t<\/div>\n\n\t\n\n\t<div id=\"col-1356481129\" class=\"col medium-9 small-12 large-9\"  >\n\t\t<div class=\"col-inner\"  >\n\t\t\t\n\t\t\t\n\n\t<div id=\"text-3940490153\" class=\"text\">\n\t\t\n\n<p>Es kann die Neuroforamina<br \/>erweitern.<\/p>\n\t\t\n<style>\n#text-3940490153 {\n  font-size: 1.1rem;\n}\n<\/style>\n\t<\/div>\n\t\n\n\t\t<\/div>\n\t\t\t<\/div>\n\n\t\n\n<\/div>\n\n\t\t<\/div>\n\t\t\t<\/div>\n\n\t\n\n\t<div id=\"col-1392174150\" class=\"col medium-4 small-12 large-4\"  >\n\t\t<div class=\"col-inner\"  >\n\t\t\t\n\t\t\t\n\n<div class=\"row align-middle\"  id=\"row-850573373\">\n\n\n\t<div id=\"col-1575690843\" class=\"col medium-3 small-12 large-3\"  >\n\t\t<div class=\"col-inner\"  >\n\t\t\t\n\t\t\t\n\n\t<div class=\"img has-hover x md-x lg-x y md-y lg-y\" id=\"image_1412825457\">\n\t\t\t\t\t\t\t\t<div class=\"img-inner dark\" >\n\t\t\t<img loading=\"lazy\" decoding=\"async\" width=\"512\" height=\"512\" src=\"http:\/\/dinom.de\/arca\/wp-content\/uploads\/2021\/06\/check-mark.png\" class=\"attachment-large size-large\" alt=\"\" srcset=\"http:\/\/dinom.de\/arca\/wp-content\/uploads\/2021\/06\/check-mark.png 512w, http:\/\/dinom.de\/arca\/wp-content\/uploads\/2021\/06\/check-mark-400x400.png 400w, http:\/\/dinom.de\/arca\/wp-content\/uploads\/2021\/06\/check-mark-280x280.png 280w, http:\/\/dinom.de\/arca\/wp-content\/uploads\/2021\/06\/check-mark-300x300.png 300w, http:\/\/dinom.de\/arca\/wp-content\/uploads\/2021\/06\/check-mark-100x100.png 100w\" sizes=\"auto, (max-width: 512px) 100vw, 512px\" \/>\t\t\t\t\t\t\n\t\t\t\t\t<\/div>\n\t\t\t\t\t\t\t\t\n<style>\n#image_1412825457 {\n  width: 100%;\n}\n<\/style>\n\t<\/div>\n\t\n\n\n\t\t<\/div>\n\t\t\t<\/div>\n\n\t\n\n\t<div id=\"col-1159109705\" class=\"col medium-9 small-12 large-9\"  >\n\t\t<div class=\"col-inner\"  >\n\t\t\t\n\t\t\t\n\n\t<div id=\"text-774214451\" class=\"text\">\n\t\t\n\n<p>Eine bisegmentale Implantation ist m\u00f6glich.<\/p>\n\t\t\n<style>\n#text-774214451 {\n  font-size: 1.1rem;\n}\n<\/style>\n\t<\/div>\n\t\n\n\t\t<\/div>\n\t\t\t<\/div>\n\n\t\n\n<\/div>\n\n\t\t<\/div>\n\t\t\t<\/div>\n\n\t\n\n\t<div id=\"col-996634556\" class=\"col medium-4 small-12 large-4\"  >\n\t\t<div class=\"col-inner\"  >\n\t\t\t\n\t\t\t\n\n<div class=\"row align-middle\"  id=\"row-1923170698\">\n\n\n\t<div id=\"col-964364622\" class=\"col medium-3 small-12 large-3\"  >\n\t\t<div class=\"col-inner\"  >\n\t\t\t\n\t\t\t\n\n\t<div class=\"img has-hover x md-x lg-x y md-y lg-y\" id=\"image_1246269821\">\n\t\t\t\t\t\t\t\t<div class=\"img-inner dark\" >\n\t\t\t<img loading=\"lazy\" decoding=\"async\" width=\"512\" height=\"512\" src=\"http:\/\/dinom.de\/arca\/wp-content\/uploads\/2021\/06\/check-mark.png\" class=\"attachment-large size-large\" alt=\"\" srcset=\"http:\/\/dinom.de\/arca\/wp-content\/uploads\/2021\/06\/check-mark.png 512w, http:\/\/dinom.de\/arca\/wp-content\/uploads\/2021\/06\/check-mark-400x400.png 400w, http:\/\/dinom.de\/arca\/wp-content\/uploads\/2021\/06\/check-mark-280x280.png 280w, http:\/\/dinom.de\/arca\/wp-content\/uploads\/2021\/06\/check-mark-300x300.png 300w, http:\/\/dinom.de\/arca\/wp-content\/uploads\/2021\/06\/check-mark-100x100.png 100w\" sizes=\"auto, (max-width: 512px) 100vw, 512px\" \/>\t\t\t\t\t\t\n\t\t\t\t\t<\/div>\n\t\t\t\t\t\t\t\t\n<style>\n#image_1246269821 {\n  width: 100%;\n}\n<\/style>\n\t<\/div>\n\t\n\n\n\t\t<\/div>\n\t\t\t<\/div>\n\n\t\n\n\t<div id=\"col-1435079682\" class=\"col medium-9 small-12 large-9\"  >\n\t\t<div class=\"col-inner\"  >\n\t\t\t\n\t\t\t\n\n\t<div id=\"text-92309854\" class=\"text\">\n\t\t\n\n<p>F\u00fcnf verschiedene anatomische Gr\u00f6\u00dfen<\/p>\n\t\t\n<style>\n#text-92309854 {\n  font-size: 1.1rem;\n}\n<\/style>\n\t<\/div>\n\t\n\n\t\t<\/div>\n\t\t\t<\/div>\n\n\t\n\n<\/div>\n\n\t\t<\/div>\n\t\t\t<\/div>\n\n\t\n\n<\/div>\n\n\t\t<\/div>\n\n\t\t\n<style>\n#section_803094929 {\n  padding-top: 30px;\n  padding-bottom: 30px;\n  background-color: #c1c1c1;\n}\n<\/style>\n\t<\/section>\n\t\n\t<section class=\"section\" id=\"section_1964031679\">\n\t\t<div class=\"bg section-bg fill bg-fill  bg-loaded\" >\n\n\t\t\t\n\t\t\t\n\t\t\t\n\n\t\t<\/div>\n\n\t\t<div class=\"section-content relative\">\n\t\t\t\n\n<div class=\"row\"  id=\"row-127038247\">\n\n\n\t<div id=\"col-1223346482\" class=\"col small-12 large-12\"  >\n\t\t<div class=\"col-inner\"  >\n\t\t\t\n\t\t\t\n\n\t<div id=\"text-3839857047\" class=\"text\">\n\t\t\n\n<h2 style=\"text-align: left;\">Bei welchen Indikationen wird Le U eingesetzt?<\/h2>\n\t\t\n<style>\n#text-3839857047 {\n  font-size: 1rem;\n  text-align: left;\n}\n<\/style>\n\t<\/div>\n\t\n\n\t\t<\/div>\n\t\t\t<\/div>\n\n\t\n\n<\/div>\n<div class=\"row\"  id=\"row-2071905224\">\n\n\n\t<div id=\"col-1010685277\" class=\"col small-12 large-12\"  >\n\t\t<div class=\"col-inner\"  >\n\t\t\t\n\t\t\t\n\n<p>Le U stellt eine Alternative zu fusionierenden Verfahren an der Wirbels\u00e4ule dar. Es wird eingesetzt nach dekomprimierenden Eingriffen bei Lumbalkanalstenose und auch isoliert bei Facettengelenksinstabilit\u00e4t. Diese beiden Diagnosen kommen zusammen und auch isoliert vor. Daher ergibt sich h\u00e4ufig nach dekomprimierenden Operationen der lumbalen Wirbels\u00e4ule und weitgehender Resektion arthrotischer Wirbelgelenke das Problem einer sp\u00e4teren Instabilit\u00e4t des Bewegungssegments. Das Implantat stabilisiert das operierte Segment und erh\u00e4lt<br \/>seine Beweglichkeit.<\/p>\n<p>Eine weitere Indikation stellt der Schutz des Nachbarsegments im Anschluss an rigide Spondylodesen dar.<\/p>\n<p>Im Zusammenhang mit der Operation von Bandscheibenvorf\u00e4llen, speziell bei der Operation von Rezidiven, soll das Implantat ein Fortschreiten von neuroforaminalen Stenosen verhindern. Es unterst\u00fctzt die Wirbelgelenke durch die interspin\u00f6se Stabilisierung.<\/p>\n<p>Ebenso kann es bei Wirbelgelenkssyndromen zum Einsatz kommen.<br \/>Durch den Federeffekt und die interspin\u00f6se Distraktion der Facettengelenke soll auch einer weiteren Sch\u00e4digung entgegengewirkt werden.<\/p>\n\n\t\t<\/div>\n\t\t\t<\/div>\n\n\t\n\n<\/div>\n\n\t\t<\/div>\n\n\t\t\n<style>\n#section_1964031679 {\n  padding-top: 30px;\n  padding-bottom: 30px;\n  background-color: rgb(255,255,255);\n}\n<\/style>\n\t<\/section>\n\t\n\t<section class=\"section\" id=\"section_966555276\">\n\t\t<div class=\"bg section-bg fill bg-fill  bg-loaded\" >\n\n\t\t\t\n\t\t\t<div class=\"section-bg-overlay absolute fill\"><\/div>\n\t\t\t\n\n\t\t<\/div>\n\n\t\t<div class=\"section-content relative\">\n\t\t\t\n\n<div class=\"row row-large align-middle\"  id=\"row-886075086\">\n\n\n\t<div id=\"col-1271307651\" class=\"col medium-6 small-12 large-6\"  >\n\t\t<div class=\"col-inner\"  >\n\t\t\t\n\t\t\t\n\n\t<div class=\"img has-hover x md-x lg-x y md-y lg-y\" id=\"image_118507347\">\n\t\t<a class=\"\" href=\"http:\/\/dinom.de\/arca\/wp-content\/uploads\/2021\/08\/Le-U-Deutsch.pdf\" target=\"_blank\" rel=\"noopener noreferrer\" >\t\t\t\t\t\t<div class=\"img-inner dark\" >\n\t\t\t<img loading=\"lazy\" decoding=\"async\" width=\"447\" height=\"633\" src=\"http:\/\/dinom.de\/arca\/wp-content\/uploads\/2021\/06\/Le-U-Deutsch_Seite_1-1.jpg\" class=\"attachment-large size-large\" alt=\"\" srcset=\"http:\/\/dinom.de\/arca\/wp-content\/uploads\/2021\/06\/Le-U-Deutsch_Seite_1-1.jpg 447w, http:\/\/dinom.de\/arca\/wp-content\/uploads\/2021\/06\/Le-U-Deutsch_Seite_1-1-282x400.jpg 282w\" sizes=\"auto, (max-width: 447px) 100vw, 447px\" \/>\t\t\t\t\t\t\n\t\t\t\t\t<\/div>\n\t\t\t\t\t\t<\/a>\t\t\n<style>\n#image_118507347 {\n  width: 50%;\n}\n<\/style>\n\t<\/div>\n\t\n\n\n\t\t<\/div>\n\t\t\t<\/div>\n\n\t\n\n\t<div id=\"col-363179390\" class=\"col medium-6 small-12 large-6\"  >\n\t\t<div class=\"col-inner text-left\"  >\n\t\t\t\n\t\t\t\n\n<h1>Le U Produktinformationen<\/h1>\n<p>\u00a0<\/p>\n<a rel=\"noopener noreferrer\" href=\"http:\/\/dinom.de\/arca\/wp-content\/uploads\/2021\/08\/Le-U-Deutsch.pdf\" target=\"_blank\" class=\"button primary lowercase\"  >\n    <span>Produktbrosch\u00fcre Le U (PDF)<\/span>\n  <\/a>\n\n\n\n\t\t<\/div>\n\t\t\t<\/div>\n\n\t\n\n<\/div>\n\n\t\t<\/div>\n\n\t\t\n<style>\n#section_966555276 {\n  padding-top: 60px;\n  padding-bottom: 60px;\n  background-color: rgb(193, 193, 193);\n}\n#section_966555276 .section-bg-overlay {\n  background-color: rgba(255, 255, 255, 0.85);\n}\n<\/style>\n\t<\/section>\n\t\n\n","protected":false},"excerpt":{"rendered":"","protected":false},"author":1,"featured_media":0,"parent":887,"menu_order":0,"comment_status":"closed","ping_status":"closed","template":"page-blank.php","meta":{"footnotes":""},"class_list":["post-1064","page","type-page","status-publish","hentry"],"_links":{"self":[{"href":"http:\/\/dinom.de\/arca\/wp-json\/wp\/v2\/pages\/1064","targetHints":{"allow":["GET"]}}],"collection":[{"href":"http:\/\/dinom.de\/arca\/wp-json\/wp\/v2\/pages"}],"about":[{"href":"http:\/\/dinom.de\/arca\/wp-json\/wp\/v2\/types\/page"}],"author":[{"embeddable":true,"href":"http:\/\/dinom.de\/arca\/wp-json\/wp\/v2\/users\/1"}],"replies":[{"embeddable":true,"href":"http:\/\/dinom.de\/arca\/wp-json\/wp\/v2\/comments?post=1064"}],"version-history":[{"count":6,"href":"http:\/\/dinom.de\/arca\/wp-json\/wp\/v2\/pages\/1064\/revisions"}],"predecessor-version":[{"id":1245,"href":"http:\/\/dinom.de\/arca\/wp-json\/wp\/v2\/pages\/1064\/revisions\/1245"}],"up":[{"embeddable":true,"href":"http:\/\/dinom.de\/arca\/wp-json\/wp\/v2\/pages\/887"}],"wp:attachment":[{"href":"http:\/\/dinom.de\/arca\/wp-json\/wp\/v2\/media?parent=1064"}],"curies":[{"name":"wp","href":"https:\/\/api.w.org\/{rel}","templated":true}]}}