{"id":1083,"date":"2021-06-21T09:59:10","date_gmt":"2021-06-21T07:59:10","guid":{"rendered":"http:\/\/dinom.de\/arca\/?page_id=1083"},"modified":"2021-08-02T09:07:39","modified_gmt":"2021-08-02T07:07:39","slug":"sourire","status":"publish","type":"page","link":"http:\/\/dinom.de\/arca\/produkte\/sourire\/","title":{"rendered":"Sourire"},"content":{"rendered":"\n\t<section class=\"section\" id=\"section_1654399548\">\n\t\t<div class=\"bg section-bg fill bg-fill  bg-loaded\" >\n\n\t\t\t\n\t\t\t<div class=\"section-bg-overlay absolute fill\"><\/div>\n\t\t\t\n\n\t\t<\/div>\n\n\t\t<div class=\"section-content relative\">\n\t\t\t\n\n<div class=\"row row-large align-middle\"  id=\"row-310702478\">\n\n\n\t<div id=\"col-1716908275\" class=\"col medium-6 small-12 large-6\"  >\n\t\t<div class=\"col-inner\"  >\n\t\t\t\n\t\t\t\n\n<div class=\"slider-wrapper relative\" id=\"slider-1597582334\" >\n    <div class=\"slider slider-nav-circle slider-nav-large slider-nav-light slider-style-normal\"\n        data-flickity-options='{\n            \"cellAlign\": \"center\",\n            \"imagesLoaded\": true,\n            \"lazyLoad\": 1,\n            \"freeScroll\": false,\n            \"wrapAround\": true,\n            \"autoPlay\": 3000,\n            \"pauseAutoPlayOnHover\" : true,\n            \"prevNextButtons\": true,\n            \"contain\" : true,\n            \"adaptiveHeight\" : true,\n            \"dragThreshold\" : 10,\n            \"percentPosition\": true,\n            \"pageDots\": true,\n            \"rightToLeft\": false,\n            \"draggable\": true,\n            \"selectedAttraction\": 0.1,\n            \"parallax\" : 0,\n            \"friction\": 0.6        }'\n        >\n        \n\n\t<div class=\"img has-hover x md-x lg-x y md-y lg-y\" id=\"image_534859981\">\n\t\t\t\t\t\t\t\t<div class=\"img-inner dark\" >\n\t\t\t<img loading=\"lazy\" decoding=\"async\" width=\"603\" height=\"392\" src=\"http:\/\/dinom.de\/arca\/wp-content\/uploads\/2021\/06\/Sourire053.jpg\" class=\"attachment-large size-large\" alt=\"\" srcset=\"http:\/\/dinom.de\/arca\/wp-content\/uploads\/2021\/06\/Sourire053.jpg 603w, http:\/\/dinom.de\/arca\/wp-content\/uploads\/2021\/06\/Sourire053-600x390.jpg 600w\" sizes=\"auto, (max-width: 603px) 100vw, 603px\" \/>\t\t\t\t\t\t\n\t\t\t\t\t<\/div>\n\t\t\t\t\t\t\t\t\n<style>\n#image_534859981 {\n  width: 100%;\n}\n<\/style>\n\t<\/div>\n\t\n\n\t<div class=\"img has-hover x md-x lg-x y md-y lg-y\" id=\"image_1611537152\">\n\t\t\t\t\t\t\t\t<div class=\"img-inner dark\" >\n\t\t\t<img loading=\"lazy\" decoding=\"async\" width=\"603\" height=\"392\" src=\"http:\/\/dinom.de\/arca\/wp-content\/uploads\/2021\/06\/Sourire1.jpg\" class=\"attachment-large size-large\" alt=\"\" srcset=\"http:\/\/dinom.de\/arca\/wp-content\/uploads\/2021\/06\/Sourire1.jpg 603w, http:\/\/dinom.de\/arca\/wp-content\/uploads\/2021\/06\/Sourire1-600x390.jpg 600w\" sizes=\"auto, (max-width: 603px) 100vw, 603px\" \/>\t\t\t\t\t\t\n\t\t\t\t\t<\/div>\n\t\t\t\t\t\t\t\t\n<style>\n#image_1611537152 {\n  width: 100%;\n}\n<\/style>\n\t<\/div>\n\t\n\n\t<div class=\"img has-hover x md-x lg-x y md-y lg-y\" id=\"image_1235538106\">\n\t\t\t\t\t\t\t\t<div class=\"img-inner dark\" >\n\t\t\t<img loading=\"lazy\" decoding=\"async\" width=\"603\" height=\"392\" src=\"http:\/\/dinom.de\/arca\/wp-content\/uploads\/2021\/06\/Sourire041.jpg\" class=\"attachment-large size-large\" alt=\"\" srcset=\"http:\/\/dinom.de\/arca\/wp-content\/uploads\/2021\/06\/Sourire041.jpg 603w, http:\/\/dinom.de\/arca\/wp-content\/uploads\/2021\/06\/Sourire041-600x390.jpg 600w\" sizes=\"auto, (max-width: 603px) 100vw, 603px\" \/>\t\t\t\t\t\t\n\t\t\t\t\t<\/div>\n\t\t\t\t\t\t\t\t\n<style>\n#image_1235538106 {\n  width: 100%;\n}\n<\/style>\n\t<\/div>\n\t\n\n\n     <\/div>\n\n     <div class=\"loading-spin dark large centered\"><\/div>\n\n     \t<\/div>\n\n\n\n\t\t<\/div>\n\t\t\t<\/div>\n\n\t\n\n\t<div id=\"col-1294870993\" class=\"col medium-6 small-12 large-6\"  >\n\t\t<div class=\"col-inner text-left\"  >\n\t\t\t\n\t\t\t\n\n<h1>Sourire &#8211; Das System zur Wirbell\u00f6rperfusion an der Halswirbels\u00e4ule<\/h1>\n<p>Der Zervikalcage \u201cSourire\u201d aus PEEK erm\u00f6glicht durch seine anatomische Form und seine Dreifuss-Verankerung eine einfache Positionierung und eine optimale prim\u00e4re Stabilit\u00e4t.<\/p>\n\n\t\t<\/div>\n\t\t\t<\/div>\n\n\t\n\n<\/div>\n\n\t\t<\/div>\n\n\t\t\n<style>\n#section_1654399548 {\n  padding-top: 60px;\n  padding-bottom: 60px;\n  background-color: rgb(255,255,255);\n}\n#section_1654399548 .section-bg-overlay {\n  background-color: rgba(255, 255, 255, 0.85);\n}\n<\/style>\n\t<\/section>\n\t\n\t<section class=\"section\" id=\"section_84739504\">\n\t\t<div class=\"bg section-bg fill bg-fill  bg-loaded\" >\n\n\t\t\t\n\t\t\t\n\t\t\t\n\n\t\t<\/div>\n\n\t\t<div class=\"section-content relative\">\n\t\t\t\n\n<div class=\"row\"  id=\"row-1742861134\">\n\n\n\t<div id=\"col-2048485303\" class=\"col small-12 large-12\"  >\n\t\t<div class=\"col-inner\"  >\n\t\t\t\n\t\t\t\n\n\t<div id=\"text-2943489032\" class=\"text\">\n\t\t\n\n<h2 style=\"text-align: left;\">Bei welchen Indikationen wird der Sourire Cage&nbsp; eingesetzt?<\/h2>\n\t\t\n<style>\n#text-2943489032 {\n  font-size: 1rem;\n  text-align: left;\n}\n<\/style>\n\t<\/div>\n\t\n\n\t\t<\/div>\n\t\t\t<\/div>\n\n\t\n\n<\/div>\n<div class=\"row\"  id=\"row-1149088371\">\n\n\n\t<div id=\"col-884151866\" class=\"col medium-8 small-12 large-8\"  >\n\t\t<div class=\"col-inner\"  >\n\t\t\t\n\t\t\t\n\n<p>Das Implantat empfiehlt sich zum dauerhaften Verbleib bei Wirbelinstabilit\u00e4ten und degenerativen Wirbels\u00e4ulenerkrankungen. Au\u00dferdem wird es eingesetzt bei allen zervikalen Erkrankungen zwischen C3 und T1, bei denen eine segmentale Spondylodese indiziert ist, wie z.B. bei:<\/p>\n<ul>\n<li>Bandscheibenprolaps<\/li>\n<li>Arthrotischer Ver\u00e4nderung der Wirbels\u00e4ule mit konsekutiver Spinalkanalstenose<\/li>\n<\/ul>\n\n\t\t<\/div>\n\t\t\t<\/div>\n\n\t\n\n<\/div>\n\n\t\t<\/div>\n\n\t\t\n<style>\n#section_84739504 {\n  padding-top: 30px;\n  padding-bottom: 30px;\n  background-color: #c1c1c1;\n}\n<\/style>\n\t<\/section>\n\t\n\t<section class=\"section\" id=\"section_558587401\">\n\t\t<div class=\"bg section-bg fill bg-fill  bg-loaded\" >\n\n\t\t\t\n\t\t\t\n\t\t\t\n\n\t\t<\/div>\n\n\t\t<div class=\"section-content relative\">\n\t\t\t\n\n<div class=\"row\"  id=\"row-1666631255\">\n\n\n\t<div id=\"col-511841543\" class=\"col small-12 large-12\"  >\n\t\t<div class=\"col-inner\"  >\n\t\t\t\n\t\t\t\n\n\t<div id=\"text-2802241943\" class=\"text\">\n\t\t\n\n<h1>Was leistet der Sourire?<\/h1>\n\t\t\n<style>\n#text-2802241943 {\n  text-align: left;\n}\n<\/style>\n\t<\/div>\n\t\n\n\t\t<\/div>\n\t\t\t<\/div>\n\n\t\n\n<\/div>\n<div class=\"row\"  id=\"row-253832049\">\n\n\n\t<div id=\"col-326364714\" class=\"col medium-6 small-12 large-6\"  >\n\t\t<div class=\"col-inner\"  >\n\t\t\t\n\t\t\t\n\n<div class=\"row align-middle\"  id=\"row-76414817\">\n\n\n\t<div id=\"col-1881851123\" class=\"col medium-3 small-12 large-3\"  >\n\t\t<div class=\"col-inner\"  >\n\t\t\t\n\t\t\t\n\n\t<div class=\"img has-hover x md-x lg-x y md-y lg-y\" id=\"image_1095555800\">\n\t\t\t\t\t\t\t\t<div class=\"img-inner dark\" >\n\t\t\t<img loading=\"lazy\" decoding=\"async\" width=\"512\" height=\"512\" src=\"http:\/\/dinom.de\/arca\/wp-content\/uploads\/2021\/06\/check-mark.png\" class=\"attachment-large size-large\" alt=\"\" srcset=\"http:\/\/dinom.de\/arca\/wp-content\/uploads\/2021\/06\/check-mark.png 512w, http:\/\/dinom.de\/arca\/wp-content\/uploads\/2021\/06\/check-mark-400x400.png 400w, http:\/\/dinom.de\/arca\/wp-content\/uploads\/2021\/06\/check-mark-280x280.png 280w, http:\/\/dinom.de\/arca\/wp-content\/uploads\/2021\/06\/check-mark-300x300.png 300w, http:\/\/dinom.de\/arca\/wp-content\/uploads\/2021\/06\/check-mark-100x100.png 100w\" sizes=\"auto, (max-width: 512px) 100vw, 512px\" \/>\t\t\t\t\t\t\n\t\t\t\t\t<\/div>\n\t\t\t\t\t\t\t\t\n<style>\n#image_1095555800 {\n  width: 60%;\n}\n<\/style>\n\t<\/div>\n\t\n\n\n\t\t<\/div>\n\t\t\t<\/div>\n\n\t\n\n\t<div id=\"col-956690661\" class=\"col medium-9 small-12 large-9\"  >\n\t\t<div class=\"col-inner\"  >\n\t\t\t\n\t\t\t\n\n\t<div id=\"text-4267176102\" class=\"text\">\n\t\t\n\n<p>Minimierung des Sinterungsrisikos durch Gr\u00f6\u00dfe und Struktur der Auflagefl\u00e4che<\/p>\n\t\t\n<style>\n#text-4267176102 {\n  font-size: 1.1rem;\n}\n<\/style>\n\t<\/div>\n\t\n\n\t\t<\/div>\n\t\t\t<\/div>\n\n\t\n\n<\/div>\n\n\t\t<\/div>\n\t\t\n<style>\n#col-326364714 > .col-inner {\n  padding: 0px 0px 0px 0px;\n  margin: 0px 0px 1px 0px;\n}\n<\/style>\n\t<\/div>\n\n\t\n\n\t<div id=\"col-1127114961\" class=\"col medium-6 small-12 large-6\"  >\n\t\t<div class=\"col-inner\"  >\n\t\t\t\n\t\t\t\n\n<div class=\"row align-middle\"  id=\"row-1752888581\">\n\n\n\t<div id=\"col-524282144\" class=\"col medium-3 small-12 large-3\"  >\n\t\t<div class=\"col-inner\"  >\n\t\t\t\n\t\t\t\n\n\t<div class=\"img has-hover x md-x lg-x y md-y lg-y\" id=\"image_1351906666\">\n\t\t\t\t\t\t\t\t<div class=\"img-inner dark\" >\n\t\t\t<img loading=\"lazy\" decoding=\"async\" width=\"512\" height=\"512\" src=\"http:\/\/dinom.de\/arca\/wp-content\/uploads\/2021\/06\/check-mark.png\" class=\"attachment-large size-large\" alt=\"\" srcset=\"http:\/\/dinom.de\/arca\/wp-content\/uploads\/2021\/06\/check-mark.png 512w, http:\/\/dinom.de\/arca\/wp-content\/uploads\/2021\/06\/check-mark-400x400.png 400w, http:\/\/dinom.de\/arca\/wp-content\/uploads\/2021\/06\/check-mark-280x280.png 280w, http:\/\/dinom.de\/arca\/wp-content\/uploads\/2021\/06\/check-mark-300x300.png 300w, http:\/\/dinom.de\/arca\/wp-content\/uploads\/2021\/06\/check-mark-100x100.png 100w\" sizes=\"auto, (max-width: 512px) 100vw, 512px\" \/>\t\t\t\t\t\t\n\t\t\t\t\t<\/div>\n\t\t\t\t\t\t\t\t\n<style>\n#image_1351906666 {\n  width: 60%;\n}\n<\/style>\n\t<\/div>\n\t\n\n\n\t\t<\/div>\n\t\t\t<\/div>\n\n\t\n\n\t<div id=\"col-966491789\" class=\"col medium-9 small-12 large-9\"  >\n\t\t<div class=\"col-inner\"  >\n\t\t\t\n\t\t\t\n\n\t<div id=\"text-158063374\" class=\"text\">\n\t\t\n\n<p>Positionierung des Cage in m\u00f6glichst gro\u00dfer Entfernung zum Wirbelkanal<\/p>\n\t\t\n<style>\n#text-158063374 {\n  font-size: 1.1rem;\n}\n<\/style>\n\t<\/div>\n\t\n\n\t\t<\/div>\n\t\t\t<\/div>\n\n\t\n\n<\/div>\n\n\t\t<\/div>\n\t\t\t<\/div>\n\n\t\n\n<\/div>\n<div class=\"row\"  id=\"row-695048137\">\n\n\n\t<div id=\"col-1768097363\" class=\"col medium-6 small-12 large-6\"  >\n\t\t<div class=\"col-inner\"  >\n\t\t\t\n\t\t\t\n\n<div class=\"row align-middle\"  id=\"row-710579467\">\n\n\n\t<div id=\"col-529500886\" class=\"col medium-3 small-12 large-3\"  >\n\t\t<div class=\"col-inner\"  >\n\t\t\t\n\t\t\t\n\n\t<div class=\"img has-hover x md-x lg-x y md-y lg-y\" id=\"image_288415224\">\n\t\t\t\t\t\t\t\t<div class=\"img-inner dark\" >\n\t\t\t<img loading=\"lazy\" decoding=\"async\" width=\"512\" height=\"512\" src=\"http:\/\/dinom.de\/arca\/wp-content\/uploads\/2021\/06\/check-mark.png\" class=\"attachment-large size-large\" alt=\"\" srcset=\"http:\/\/dinom.de\/arca\/wp-content\/uploads\/2021\/06\/check-mark.png 512w, http:\/\/dinom.de\/arca\/wp-content\/uploads\/2021\/06\/check-mark-400x400.png 400w, http:\/\/dinom.de\/arca\/wp-content\/uploads\/2021\/06\/check-mark-280x280.png 280w, http:\/\/dinom.de\/arca\/wp-content\/uploads\/2021\/06\/check-mark-300x300.png 300w, http:\/\/dinom.de\/arca\/wp-content\/uploads\/2021\/06\/check-mark-100x100.png 100w\" sizes=\"auto, (max-width: 512px) 100vw, 512px\" \/>\t\t\t\t\t\t\n\t\t\t\t\t<\/div>\n\t\t\t\t\t\t\t\t\n<style>\n#image_288415224 {\n  width: 60%;\n}\n<\/style>\n\t<\/div>\n\t\n\n\n\t\t<\/div>\n\t\t\t<\/div>\n\n\t\n\n\t<div id=\"col-485858898\" class=\"col medium-9 small-12 large-9\"  >\n\t\t<div class=\"col-inner\"  >\n\t\t\t\n\t\t\t\n\n\t<div id=\"text-756841110\" class=\"text\">\n\t\t\n\n<p>Optimale prim\u00e4re Stabilit\u00e4t<\/p>\n\t\t\n<style>\n#text-756841110 {\n  font-size: 1.1rem;\n}\n<\/style>\n\t<\/div>\n\t\n\n\t\t<\/div>\n\t\t\t<\/div>\n\n\t\n\n<\/div>\n\n\t\t<\/div>\n\t\t\t<\/div>\n\n\t\n\n\t<div id=\"col-45989569\" class=\"col medium-6 small-12 large-6\"  >\n\t\t<div class=\"col-inner\"  >\n\t\t\t\n\t\t\t\n\n<div class=\"row align-middle\"  id=\"row-1339773948\">\n\n\n\t<div id=\"col-255821062\" class=\"col medium-3 small-12 large-3\"  >\n\t\t<div class=\"col-inner\"  >\n\t\t\t\n\t\t\t\n\n\t<div class=\"img has-hover x md-x lg-x y md-y lg-y\" id=\"image_1973515625\">\n\t\t\t\t\t\t\t\t<div class=\"img-inner dark\" style=\"margin:-30px 0px 0px 0px;\">\n\t\t\t<img loading=\"lazy\" decoding=\"async\" width=\"512\" height=\"512\" src=\"http:\/\/dinom.de\/arca\/wp-content\/uploads\/2021\/06\/check-mark.png\" class=\"attachment-large size-large\" alt=\"\" srcset=\"http:\/\/dinom.de\/arca\/wp-content\/uploads\/2021\/06\/check-mark.png 512w, http:\/\/dinom.de\/arca\/wp-content\/uploads\/2021\/06\/check-mark-400x400.png 400w, http:\/\/dinom.de\/arca\/wp-content\/uploads\/2021\/06\/check-mark-280x280.png 280w, http:\/\/dinom.de\/arca\/wp-content\/uploads\/2021\/06\/check-mark-300x300.png 300w, http:\/\/dinom.de\/arca\/wp-content\/uploads\/2021\/06\/check-mark-100x100.png 100w\" sizes=\"auto, (max-width: 512px) 100vw, 512px\" \/>\t\t\t\t\t\t\n\t\t\t\t\t<\/div>\n\t\t\t\t\t\t\t\t\n<style>\n#image_1973515625 {\n  width: 60%;\n}\n<\/style>\n\t<\/div>\n\t\n\n\n\t\t<\/div>\n\t\t\t<\/div>\n\n\t\n\n\t<div id=\"col-1983565357\" class=\"col medium-9 small-12 large-9\"  >\n\t\t<div class=\"col-inner\"  >\n\t\t\t\n\t\t\t\n\n\t<div id=\"text-3097058045\" class=\"text\">\n\t\t\n\n<p>Optimale Entlastung der Neuroforamina beidseits durch die Abst\u00fctzung im dorsolateralen Bereich<\/p>\n\t\t\n<style>\n#text-3097058045 {\n  font-size: 1.1rem;\n}\n<\/style>\n\t<\/div>\n\t\n\n\t\t<\/div>\n\t\t\t<\/div>\n\n\t\n\n<\/div>\n\n\t\t<\/div>\n\t\t\t<\/div>\n\n\t\n\n<\/div>\n\n\t\t<\/div>\n\n\t\t\n<style>\n#section_558587401 {\n  padding-top: 30px;\n  padding-bottom: 30px;\n  background-color: rgb(255, 255, 255);\n}\n<\/style>\n\t<\/section>\n\t\n\t<section class=\"section\" id=\"section_2045709916\">\n\t\t<div class=\"bg section-bg fill bg-fill  bg-loaded\" >\n\n\t\t\t\n\t\t\t<div class=\"section-bg-overlay absolute fill\"><\/div>\n\t\t\t\n\n\t\t<\/div>\n\n\t\t<div class=\"section-content relative\">\n\t\t\t\n\n<div class=\"row row-large align-middle\"  id=\"row-139141480\">\n\n\n\t<div id=\"col-417855491\" class=\"col medium-6 small-12 large-6\"  >\n\t\t<div class=\"col-inner\"  >\n\t\t\t\n\t\t\t\n\n\t<div class=\"img has-hover x md-x lg-x y md-y lg-y\" id=\"image_2096831792\">\n\t\t<a class=\"\" href=\"http:\/\/dinom.de\/arca\/wp-content\/uploads\/2021\/08\/web_sourire_dtsch.pdf\" target=\"_blank\" rel=\"noopener noreferrer\" >\t\t\t\t\t\t<div class=\"img-inner dark\" >\n\t\t\t<img loading=\"lazy\" decoding=\"async\" width=\"442\" height=\"629\" src=\"http:\/\/dinom.de\/arca\/wp-content\/uploads\/2021\/06\/Unbenannt-1.jpg\" class=\"attachment-large size-large\" alt=\"\" srcset=\"http:\/\/dinom.de\/arca\/wp-content\/uploads\/2021\/06\/Unbenannt-1.jpg 442w, http:\/\/dinom.de\/arca\/wp-content\/uploads\/2021\/06\/Unbenannt-1-281x400.jpg 281w\" sizes=\"auto, (max-width: 442px) 100vw, 442px\" \/>\t\t\t\t\t\t\n\t\t\t\t\t<\/div>\n\t\t\t\t\t\t<\/a>\t\t\n<style>\n#image_2096831792 {\n  width: 50%;\n}\n<\/style>\n\t<\/div>\n\t\n\n\n\t\t<\/div>\n\t\t\t<\/div>\n\n\t\n\n\t<div id=\"col-1279972134\" class=\"col medium-6 small-12 large-6\"  >\n\t\t<div class=\"col-inner text-left\"  >\n\t\t\t\n\t\t\t\n\n<h1>Sourire Produktinformationen<\/h1>\n<p>&nbsp;<\/p>\n<a rel=\"noopener noreferrer\" href=\"http:\/\/dinom.de\/arca\/wp-content\/uploads\/2021\/08\/web_sourire_dtsch.pdf\" target=\"_blank\" class=\"button primary lowercase\"  >\n    <span>Produktbrosch\u00fcre Sourire (PDF)<\/span>\n  <\/a>\n\n\n\n\t\t<\/div>\n\t\t\t<\/div>\n\n\t\n\n<\/div>\n\n\t\t<\/div>\n\n\t\t\n<style>\n#section_2045709916 {\n  padding-top: 60px;\n  padding-bottom: 60px;\n  background-color: rgb(193, 193, 193);\n}\n#section_2045709916 .section-bg-overlay {\n  background-color: rgba(255, 255, 255, 0.85);\n}\n<\/style>\n\t<\/section>\n\t\n\n","protected":false},"excerpt":{"rendered":"","protected":false},"author":1,"featured_media":0,"parent":887,"menu_order":0,"comment_status":"closed","ping_status":"closed","template":"page-blank.php","meta":{"footnotes":""},"class_list":["post-1083","page","type-page","status-publish","hentry"],"_links":{"self":[{"href":"http:\/\/dinom.de\/arca\/wp-json\/wp\/v2\/pages\/1083","targetHints":{"allow":["GET"]}}],"collection":[{"href":"http:\/\/dinom.de\/arca\/wp-json\/wp\/v2\/pages"}],"about":[{"href":"http:\/\/dinom.de\/arca\/wp-json\/wp\/v2\/types\/page"}],"author":[{"embeddable":true,"href":"http:\/\/dinom.de\/arca\/wp-json\/wp\/v2\/users\/1"}],"replies":[{"embeddable":true,"href":"http:\/\/dinom.de\/arca\/wp-json\/wp\/v2\/comments?post=1083"}],"version-history":[{"count":11,"href":"http:\/\/dinom.de\/arca\/wp-json\/wp\/v2\/pages\/1083\/revisions"}],"predecessor-version":[{"id":1248,"href":"http:\/\/dinom.de\/arca\/wp-json\/wp\/v2\/pages\/1083\/revisions\/1248"}],"up":[{"embeddable":true,"href":"http:\/\/dinom.de\/arca\/wp-json\/wp\/v2\/pages\/887"}],"wp:attachment":[{"href":"http:\/\/dinom.de\/arca\/wp-json\/wp\/v2\/media?parent=1083"}],"curies":[{"name":"wp","href":"https:\/\/api.w.org\/{rel}","templated":true}]}}