{"id":1100,"date":"2021-06-21T11:05:28","date_gmt":"2021-06-21T09:05:28","guid":{"rendered":"http:\/\/dinom.de\/arca\/?page_id=1100"},"modified":"2021-08-02T09:20:04","modified_gmt":"2021-08-02T07:20:04","slug":"synchro","status":"publish","type":"page","link":"http:\/\/dinom.de\/arca\/produkte\/synchro\/","title":{"rendered":"Synchro"},"content":{"rendered":"\n\t<section class=\"section\" id=\"section_1904443604\">\n\t\t<div class=\"bg section-bg fill bg-fill  bg-loaded\" >\n\n\t\t\t\n\t\t\t<div class=\"section-bg-overlay absolute fill\"><\/div>\n\t\t\t\n\n\t\t<\/div>\n\n\t\t<div class=\"section-content relative\">\n\t\t\t\n\n<div class=\"row row-large align-middle\"  id=\"row-1738520891\">\n\n\n\t<div id=\"col-1069957246\" class=\"col medium-6 small-12 large-6\"  >\n\t\t<div class=\"col-inner\"  >\n\t\t\t\n\t\t\t\n\n<div class=\"slider-wrapper relative\" id=\"slider-1025822397\" >\n    <div class=\"slider slider-nav-circle slider-nav-large slider-nav-light slider-style-normal\"\n        data-flickity-options='{\n            \"cellAlign\": \"center\",\n            \"imagesLoaded\": true,\n            \"lazyLoad\": 1,\n            \"freeScroll\": false,\n            \"wrapAround\": true,\n            \"autoPlay\": 3000,\n            \"pauseAutoPlayOnHover\" : true,\n            \"prevNextButtons\": true,\n            \"contain\" : true,\n            \"adaptiveHeight\" : true,\n            \"dragThreshold\" : 10,\n            \"percentPosition\": true,\n            \"pageDots\": true,\n            \"rightToLeft\": false,\n            \"draggable\": true,\n            \"selectedAttraction\": 0.1,\n            \"parallax\" : 0,\n            \"friction\": 0.6        }'\n        >\n        \n\n\t<div class=\"img has-hover x md-x lg-x y md-y lg-y\" id=\"image_1978994148\">\n\t\t\t\t\t\t\t\t<div class=\"img-inner dark\" >\n\t\t\t<img loading=\"lazy\" decoding=\"async\" width=\"603\" height=\"392\" src=\"http:\/\/dinom.de\/arca\/wp-content\/uploads\/2021\/06\/121.jpg\" class=\"attachment-large size-large\" alt=\"\" srcset=\"http:\/\/dinom.de\/arca\/wp-content\/uploads\/2021\/06\/121.jpg 603w, http:\/\/dinom.de\/arca\/wp-content\/uploads\/2021\/06\/121-600x390.jpg 600w\" sizes=\"auto, (max-width: 603px) 100vw, 603px\" \/>\t\t\t\t\t\t\n\t\t\t\t\t<\/div>\n\t\t\t\t\t\t\t\t\n<style>\n#image_1978994148 {\n  width: 100%;\n}\n<\/style>\n\t<\/div>\n\t\n\n\t<div class=\"img has-hover x md-x lg-x y md-y lg-y\" id=\"image_2119131445\">\n\t\t\t\t\t\t\t\t<div class=\"img-inner dark\" >\n\t\t\t<img loading=\"lazy\" decoding=\"async\" width=\"603\" height=\"392\" src=\"http:\/\/dinom.de\/arca\/wp-content\/uploads\/2021\/06\/Synchro02-1.jpg\" class=\"attachment-large size-large\" alt=\"\" srcset=\"http:\/\/dinom.de\/arca\/wp-content\/uploads\/2021\/06\/Synchro02-1.jpg 603w, http:\/\/dinom.de\/arca\/wp-content\/uploads\/2021\/06\/Synchro02-1-600x390.jpg 600w\" sizes=\"auto, (max-width: 603px) 100vw, 603px\" \/>\t\t\t\t\t\t\n\t\t\t\t\t<\/div>\n\t\t\t\t\t\t\t\t\n<style>\n#image_2119131445 {\n  width: 100%;\n}\n<\/style>\n\t<\/div>\n\t\n\n\t<div class=\"img has-hover x md-x lg-x y md-y lg-y\" id=\"image_1339269649\">\n\t\t\t\t\t\t\t\t<div class=\"img-inner dark\" >\n\t\t\t<img loading=\"lazy\" decoding=\"async\" width=\"603\" height=\"392\" src=\"http:\/\/dinom.de\/arca\/wp-content\/uploads\/2021\/06\/Synchro11.jpg\" class=\"attachment-large size-large\" alt=\"\" srcset=\"http:\/\/dinom.de\/arca\/wp-content\/uploads\/2021\/06\/Synchro11.jpg 603w, http:\/\/dinom.de\/arca\/wp-content\/uploads\/2021\/06\/Synchro11-600x390.jpg 600w\" sizes=\"auto, (max-width: 603px) 100vw, 603px\" \/>\t\t\t\t\t\t\n\t\t\t\t\t<\/div>\n\t\t\t\t\t\t\t\t\n<style>\n#image_1339269649 {\n  width: 100%;\n}\n<\/style>\n\t<\/div>\n\t\n\n\n     <\/div>\n\n     <div class=\"loading-spin dark large centered\"><\/div>\n\n     \t<\/div>\n\n\n\n\t\t<\/div>\n\t\t\t<\/div>\n\n\t\n\n\t<div id=\"col-1764353930\" class=\"col medium-6 small-12 large-6\"  >\n\t\t<div class=\"col-inner text-left\"  >\n\t\t\t\n\t\t\t\n\n<h1>Synchro- Das lumbale TLIF System&nbsp;<\/h1>\n<div id=\"content\" class=\"centered\">\n<p>Der lumbale TLIF Cage \u201cSynchro\u201c besteht aus einem vorderen und einem hinteren Element. Beide sind durch ein Gelenk beweglich miteinander verbunden. Die Beweglichkeit der beiden Elemente garantiert eine optimale Einf\u00fchrung des Implantates. Das vordere Element wird durch das Foramen in den Zwischenwirbelraum eingef\u00fchrt und mit Hilfe des hinteren Elements ausgerichtet. In der Endlage betr\u00e4gt der gebildete Winkel der beiden Elemente zwischen 45&nbsp;und 90 Grad.&nbsp;<\/p>\n<\/div>\n<div id=\"imagewrapper\">\n<div id=\"biGslideshoW\">&nbsp;<\/div>\n<\/div>\n\n\t\t<\/div>\n\t\t\t<\/div>\n\n\t\n\n<\/div>\n\n\t\t<\/div>\n\n\t\t\n<style>\n#section_1904443604 {\n  padding-top: 60px;\n  padding-bottom: 60px;\n  background-color: rgb(255,255,255);\n}\n#section_1904443604 .section-bg-overlay {\n  background-color: rgba(255, 255, 255, 0.85);\n}\n<\/style>\n\t<\/section>\n\t\n\t<section class=\"section\" id=\"section_1918808394\">\n\t\t<div class=\"bg section-bg fill bg-fill  bg-loaded\" >\n\n\t\t\t\n\t\t\t\n\t\t\t\n\n\t\t<\/div>\n\n\t\t<div class=\"section-content relative\">\n\t\t\t\n\n<div class=\"row\"  id=\"row-1259522863\">\n\n\n\t<div id=\"col-679127051\" class=\"col small-12 large-12\"  >\n\t\t<div class=\"col-inner\"  >\n\t\t\t\n\t\t\t\n\n\t<div id=\"text-1852635110\" class=\"text\">\n\t\t\n\n<h2 style=\"text-align: left;\">Bei welchen Indikationen wird der Synchro eingesetzt?<\/h2>\n\t\t\n<style>\n#text-1852635110 {\n  font-size: 1rem;\n  text-align: left;\n}\n<\/style>\n\t<\/div>\n\t\n\n\t\t<\/div>\n\t\t\t<\/div>\n\n\t\n\n<\/div>\n<div class=\"row\"  id=\"row-486674531\">\n\n\n\t<div id=\"col-1535191805\" class=\"col medium-8 small-12 large-8\"  >\n\t\t<div class=\"col-inner\"  >\n\t\t\t\n\t\t\t\n\n<p>SYNCHRO ist ein Cage zur Fusion der Lendenwirbels\u00e4ule \u00fcber einen TLIF-Zugang. Er wird eingesetzt bei:<\/p>\n<ul>\n<li>degenerativen Erkrankungen der LWS<\/li>\n<li>degenerativen Instabilit\u00e4ten und Spinalkanalstenosen<\/li>\n<li>Spondylolisthesis &amp; Retrolisthesis<\/li>\n<li>Bandscheibenvorfall mit Rezidiv<\/li>\n<\/ul>\n\n\t\t<\/div>\n\t\t\t<\/div>\n\n\t\n\n<\/div>\n\n\t\t<\/div>\n\n\t\t\n<style>\n#section_1918808394 {\n  padding-top: 30px;\n  padding-bottom: 30px;\n  background-color: #c1c1c1;\n}\n<\/style>\n\t<\/section>\n\t\n\t<section class=\"section\" id=\"section_1545755775\">\n\t\t<div class=\"bg section-bg fill bg-fill  bg-loaded\" >\n\n\t\t\t\n\t\t\t\n\t\t\t\n\n\t\t<\/div>\n\n\t\t<div class=\"section-content relative\">\n\t\t\t\n\n<div class=\"row\"  id=\"row-1859558377\">\n\n\n\t<div id=\"col-1040538209\" class=\"col small-12 large-12\"  >\n\t\t<div class=\"col-inner\"  >\n\t\t\t\n\t\t\t\n\n\t<div id=\"text-4078559206\" class=\"text\">\n\t\t\n\n<h1>Was leistet Synchro?<\/h1>\n\t\t\n<style>\n#text-4078559206 {\n  text-align: left;\n}\n<\/style>\n\t<\/div>\n\t\n\n\t\t<\/div>\n\t\t\t<\/div>\n\n\t\n\n<\/div>\n<div class=\"row\"  id=\"row-1955582478\">\n\n\n\t<div id=\"col-1088757474\" class=\"col medium-4 small-12 large-4\"  >\n\t\t<div class=\"col-inner\"  >\n\t\t\t\n\t\t\t\n\n<div class=\"row align-middle\"  id=\"row-132850073\">\n\n\n\t<div id=\"col-850132418\" class=\"col medium-3 small-12 large-3\"  >\n\t\t<div class=\"col-inner\"  >\n\t\t\t\n\t\t\t\n\n\t<div class=\"img has-hover x md-x lg-x y md-y lg-y\" id=\"image_427770679\">\n\t\t\t\t\t\t\t\t<div class=\"img-inner dark\" >\n\t\t\t<img loading=\"lazy\" decoding=\"async\" width=\"512\" height=\"512\" src=\"http:\/\/dinom.de\/arca\/wp-content\/uploads\/2021\/06\/check-mark.png\" class=\"attachment-large size-large\" alt=\"\" srcset=\"http:\/\/dinom.de\/arca\/wp-content\/uploads\/2021\/06\/check-mark.png 512w, http:\/\/dinom.de\/arca\/wp-content\/uploads\/2021\/06\/check-mark-400x400.png 400w, http:\/\/dinom.de\/arca\/wp-content\/uploads\/2021\/06\/check-mark-280x280.png 280w, http:\/\/dinom.de\/arca\/wp-content\/uploads\/2021\/06\/check-mark-300x300.png 300w, http:\/\/dinom.de\/arca\/wp-content\/uploads\/2021\/06\/check-mark-100x100.png 100w\" sizes=\"auto, (max-width: 512px) 100vw, 512px\" \/>\t\t\t\t\t\t\n\t\t\t\t\t<\/div>\n\t\t\t\t\t\t\t\t\n<style>\n#image_427770679 {\n  width: 100%;\n}\n<\/style>\n\t<\/div>\n\t\n\n\n\t\t<\/div>\n\t\t\t<\/div>\n\n\t\n\n\t<div id=\"col-302315596\" class=\"col medium-9 small-12 large-9\"  >\n\t\t<div class=\"col-inner\"  >\n\t\t\t\n\t\t\t\n\n\t<div id=\"text-3892149358\" class=\"text\">\n\t\t\n\n<p>\u201eklappt\u201c intraoperativ auf<\/p>\n\t\t\n<style>\n#text-3892149358 {\n  font-size: 1.1rem;\n}\n<\/style>\n\t<\/div>\n\t\n\n\t\t<\/div>\n\t\t\t<\/div>\n\n\t\n\n\n<style>\n#row-132850073 > .col > .col-inner {\n  padding: 0px 0px 0px 0px;\n}\n<\/style>\n<\/div>\n\n\t\t<\/div>\n\t\t\n<style>\n#col-1088757474 > .col-inner {\n  padding: 0px 0px 0px 0px;\n  margin: 0px 0px 0 0px;\n}\n<\/style>\n\t<\/div>\n\n\t\n\n\t<div id=\"col-988869563\" class=\"col medium-4 small-12 large-4\"  >\n\t\t<div class=\"col-inner\"  >\n\t\t\t\n\t\t\t\n\n<div class=\"row align-middle\"  id=\"row-709680741\">\n\n\n\t<div id=\"col-1189025857\" class=\"col medium-3 small-12 large-3\"  >\n\t\t<div class=\"col-inner\"  >\n\t\t\t\n\t\t\t\n\n\t<div class=\"img has-hover x md-x lg-x y md-y lg-y\" id=\"image_106312114\">\n\t\t\t\t\t\t\t\t<div class=\"img-inner dark\" >\n\t\t\t<img loading=\"lazy\" decoding=\"async\" width=\"512\" height=\"512\" src=\"http:\/\/dinom.de\/arca\/wp-content\/uploads\/2021\/06\/check-mark.png\" class=\"attachment-large size-large\" alt=\"\" srcset=\"http:\/\/dinom.de\/arca\/wp-content\/uploads\/2021\/06\/check-mark.png 512w, http:\/\/dinom.de\/arca\/wp-content\/uploads\/2021\/06\/check-mark-400x400.png 400w, http:\/\/dinom.de\/arca\/wp-content\/uploads\/2021\/06\/check-mark-280x280.png 280w, http:\/\/dinom.de\/arca\/wp-content\/uploads\/2021\/06\/check-mark-300x300.png 300w, http:\/\/dinom.de\/arca\/wp-content\/uploads\/2021\/06\/check-mark-100x100.png 100w\" sizes=\"auto, (max-width: 512px) 100vw, 512px\" \/>\t\t\t\t\t\t\n\t\t\t\t\t<\/div>\n\t\t\t\t\t\t\t\t\n<style>\n#image_106312114 {\n  width: 100%;\n}\n<\/style>\n\t<\/div>\n\t\n\n\n\t\t<\/div>\n\t\t\t<\/div>\n\n\t\n\n\t<div id=\"col-2018695132\" class=\"col medium-9 small-12 large-9\"  >\n\t\t<div class=\"col-inner\"  >\n\t\t\t\n\t\t\t\n\n\t<div id=\"text-11822240\" class=\"text\">\n\t\t\n\n<p>erh\u00e4lt die Neuroforamina<\/p>\n\t\t\n<style>\n#text-11822240 {\n  font-size: 1.1rem;\n}\n<\/style>\n\t<\/div>\n\t\n\n\t\t<\/div>\n\t\t\t<\/div>\n\n\t\n\n<\/div>\n\n\t\t<\/div>\n\t\t\n<style>\n#col-988869563 > .col-inner {\n  padding: 0px 0px 0px 0px;\n  margin: 0px 0px 0 0px;\n}\n<\/style>\n\t<\/div>\n\n\t\n\n\t<div id=\"col-2002050893\" class=\"col medium-4 small-12 large-4\"  >\n\t\t<div class=\"col-inner\"  >\n\t\t\t\n\t\t\t\n\n<div class=\"row align-middle\"  id=\"row-1053547770\">\n\n\n\t<div id=\"col-1206076458\" class=\"col medium-3 small-12 large-3\"  >\n\t\t<div class=\"col-inner\"  >\n\t\t\t\n\t\t\t\n\n\t<div class=\"img has-hover x md-x lg-x y md-y lg-y\" id=\"image_1089627524\">\n\t\t\t\t\t\t\t\t<div class=\"img-inner dark\" >\n\t\t\t<img loading=\"lazy\" decoding=\"async\" width=\"512\" height=\"512\" src=\"http:\/\/dinom.de\/arca\/wp-content\/uploads\/2021\/06\/check-mark.png\" class=\"attachment-large size-large\" alt=\"\" srcset=\"http:\/\/dinom.de\/arca\/wp-content\/uploads\/2021\/06\/check-mark.png 512w, http:\/\/dinom.de\/arca\/wp-content\/uploads\/2021\/06\/check-mark-400x400.png 400w, http:\/\/dinom.de\/arca\/wp-content\/uploads\/2021\/06\/check-mark-280x280.png 280w, http:\/\/dinom.de\/arca\/wp-content\/uploads\/2021\/06\/check-mark-300x300.png 300w, http:\/\/dinom.de\/arca\/wp-content\/uploads\/2021\/06\/check-mark-100x100.png 100w\" sizes=\"auto, (max-width: 512px) 100vw, 512px\" \/>\t\t\t\t\t\t\n\t\t\t\t\t<\/div>\n\t\t\t\t\t\t\t\t\n<style>\n#image_1089627524 {\n  width: 100%;\n}\n<\/style>\n\t<\/div>\n\t\n\n\n\t\t<\/div>\n\t\t\t<\/div>\n\n\t\n\n\t<div id=\"col-1856318024\" class=\"col medium-9 small-12 large-9\"  >\n\t\t<div class=\"col-inner\"  >\n\t\t\t\n\t\t\t\n\n\t<div id=\"text-457696392\" class=\"text\">\n\t\t\n\n<p>sichert eine stabile Fusion<\/p>\n\t\t\n<style>\n#text-457696392 {\n  font-size: 1.1rem;\n}\n<\/style>\n\t<\/div>\n\t\n\n\t\t<\/div>\n\t\t\t<\/div>\n\n\t\n\n<\/div>\n\n\t\t<\/div>\n\t\t\n<style>\n#col-2002050893 > .col-inner {\n  padding: 0px 0px 0px 0px;\n  margin: 0px 0px 0 0px;\n}\n<\/style>\n\t<\/div>\n\n\t\n\n<\/div>\n<div class=\"row\"  id=\"row-73308175\">\n\n\n\t<div id=\"col-2089348516\" class=\"col medium-4 small-12 large-4\"  >\n\t\t<div class=\"col-inner\"  >\n\t\t\t\n\t\t\t\n\n<div class=\"row align-middle\"  id=\"row-1978378818\">\n\n\n\t<div id=\"col-569355529\" class=\"col medium-3 small-12 large-3\"  >\n\t\t<div class=\"col-inner\"  >\n\t\t\t\n\t\t\t\n\n\t<div class=\"img has-hover x md-x lg-x y md-y lg-y\" id=\"image_1481943476\">\n\t\t\t\t\t\t\t\t<div class=\"img-inner dark\" style=\"margin:-28px 0px 0px 0px;\">\n\t\t\t<img loading=\"lazy\" decoding=\"async\" width=\"512\" height=\"512\" src=\"http:\/\/dinom.de\/arca\/wp-content\/uploads\/2021\/06\/check-mark.png\" class=\"attachment-large size-large\" alt=\"\" srcset=\"http:\/\/dinom.de\/arca\/wp-content\/uploads\/2021\/06\/check-mark.png 512w, http:\/\/dinom.de\/arca\/wp-content\/uploads\/2021\/06\/check-mark-400x400.png 400w, http:\/\/dinom.de\/arca\/wp-content\/uploads\/2021\/06\/check-mark-280x280.png 280w, http:\/\/dinom.de\/arca\/wp-content\/uploads\/2021\/06\/check-mark-300x300.png 300w, http:\/\/dinom.de\/arca\/wp-content\/uploads\/2021\/06\/check-mark-100x100.png 100w\" sizes=\"auto, (max-width: 512px) 100vw, 512px\" \/>\t\t\t\t\t\t\n\t\t\t\t\t<\/div>\n\t\t\t\t\t\t\t\t\n<style>\n#image_1481943476 {\n  width: 100%;\n}\n<\/style>\n\t<\/div>\n\t\n\n\n\t\t<\/div>\n\t\t\t<\/div>\n\n\t\n\n\t<div id=\"col-980948179\" class=\"col medium-9 small-12 large-9\"  >\n\t\t<div class=\"col-inner\"  >\n\t\t\t\n\t\t\t\n\n\t<div id=\"text-955901136\" class=\"text\">\n\t\t\n\n<p>sichert die Stabilit\u00e4t der Lordose<\/p>\n\t\t\n<style>\n#text-955901136 {\n  font-size: 1.1rem;\n}\n<\/style>\n\t<\/div>\n\t\n\n\t\t<\/div>\n\t\t\t<\/div>\n\n\t\n\n\n<style>\n#row-1978378818 > .col > .col-inner {\n  padding: 0px 0px 0px 0px;\n}\n<\/style>\n<\/div>\n\n\t\t<\/div>\n\t\t\n<style>\n#col-2089348516 > .col-inner {\n  padding: 0px 0px 0px 0px;\n  margin: 0px 0px 0 0px;\n}\n<\/style>\n\t<\/div>\n\n\t\n\n\t<div id=\"col-1465612908\" class=\"col medium-4 small-12 large-4\"  >\n\t\t<div class=\"col-inner\"  >\n\t\t\t\n\t\t\t\n\n<div class=\"row align-middle\"  id=\"row-124984261\">\n\n\n\t<div id=\"col-29273473\" class=\"col medium-3 small-12 large-3\"  >\n\t\t<div class=\"col-inner\"  >\n\t\t\t\n\t\t\t\n\n\t<div class=\"img has-hover x md-x lg-x y md-y lg-y\" id=\"image_1789214388\">\n\t\t\t\t\t\t\t\t<div class=\"img-inner dark\" style=\"margin:-28px 0px 0px 0px;\">\n\t\t\t<img loading=\"lazy\" decoding=\"async\" width=\"512\" height=\"512\" src=\"http:\/\/dinom.de\/arca\/wp-content\/uploads\/2021\/06\/check-mark.png\" class=\"attachment-large size-large\" alt=\"\" srcset=\"http:\/\/dinom.de\/arca\/wp-content\/uploads\/2021\/06\/check-mark.png 512w, http:\/\/dinom.de\/arca\/wp-content\/uploads\/2021\/06\/check-mark-400x400.png 400w, http:\/\/dinom.de\/arca\/wp-content\/uploads\/2021\/06\/check-mark-280x280.png 280w, http:\/\/dinom.de\/arca\/wp-content\/uploads\/2021\/06\/check-mark-300x300.png 300w, http:\/\/dinom.de\/arca\/wp-content\/uploads\/2021\/06\/check-mark-100x100.png 100w\" sizes=\"auto, (max-width: 512px) 100vw, 512px\" \/>\t\t\t\t\t\t\n\t\t\t\t\t<\/div>\n\t\t\t\t\t\t\t\t\n<style>\n#image_1789214388 {\n  width: 100%;\n}\n<\/style>\n\t<\/div>\n\t\n\n\n\t\t<\/div>\n\t\t\t<\/div>\n\n\t\n\n\t<div id=\"col-653724649\" class=\"col medium-9 small-12 large-9\"  >\n\t\t<div class=\"col-inner\"  >\n\t\t\t\n\t\t\t\n\n\t<div id=\"text-3308632995\" class=\"text\">\n\t\t\n\n<p>f\u00fcllt den intersomatischen Raum ideal aus<\/p>\n\t\t\n<style>\n#text-3308632995 {\n  font-size: 1.1rem;\n}\n<\/style>\n\t<\/div>\n\t\n\n\t\t<\/div>\n\t\t\t<\/div>\n\n\t\n\n<\/div>\n\n\t\t<\/div>\n\t\t\n<style>\n#col-1465612908 > .col-inner {\n  padding: 0px 0px 0px 0px;\n  margin: 0px 0px 0 0px;\n}\n<\/style>\n\t<\/div>\n\n\t\n\n\t<div id=\"col-1141422205\" class=\"col medium-4 small-12 large-4\"  >\n\t\t<div class=\"col-inner\"  >\n\t\t\t\n\t\t\t\n\n<div class=\"row align-middle\"  id=\"row-755596215\">\n\n\n\t<div id=\"col-108931396\" class=\"col medium-3 small-12 large-3\"  >\n\t\t<div class=\"col-inner\"  >\n\t\t\t\n\t\t\t\n\n\t<div class=\"img has-hover x md-x lg-x y md-y lg-y\" id=\"image_1633576348\">\n\t\t\t\t\t\t\t\t<div class=\"img-inner dark\" >\n\t\t\t<img loading=\"lazy\" decoding=\"async\" width=\"512\" height=\"512\" src=\"http:\/\/dinom.de\/arca\/wp-content\/uploads\/2021\/06\/check-mark.png\" class=\"attachment-large size-large\" alt=\"\" srcset=\"http:\/\/dinom.de\/arca\/wp-content\/uploads\/2021\/06\/check-mark.png 512w, http:\/\/dinom.de\/arca\/wp-content\/uploads\/2021\/06\/check-mark-400x400.png 400w, http:\/\/dinom.de\/arca\/wp-content\/uploads\/2021\/06\/check-mark-280x280.png 280w, http:\/\/dinom.de\/arca\/wp-content\/uploads\/2021\/06\/check-mark-300x300.png 300w, http:\/\/dinom.de\/arca\/wp-content\/uploads\/2021\/06\/check-mark-100x100.png 100w\" sizes=\"auto, (max-width: 512px) 100vw, 512px\" \/>\t\t\t\t\t\t\n\t\t\t\t\t<\/div>\n\t\t\t\t\t\t\t\t\n<style>\n#image_1633576348 {\n  width: 100%;\n}\n<\/style>\n\t<\/div>\n\t\n\n\n\t\t<\/div>\n\t\t\t<\/div>\n\n\t\n\n\t<div id=\"col-263780748\" class=\"col medium-9 small-12 large-9\"  >\n\t\t<div class=\"col-inner\"  >\n\t\t\t\n\t\t\t\n\n\t<div id=\"text-1173842357\" class=\"text\">\n\t\t\n\n<p>\u00f6ffnet die kontralaterale Seite<\/p>\n\t\t\n<style>\n#text-1173842357 {\n  font-size: 1.1rem;\n}\n<\/style>\n\t<\/div>\n\t\n\n\t\t<\/div>\n\t\t\t<\/div>\n\n\t\n\n<\/div>\n\n\t\t<\/div>\n\t\t\n<style>\n#col-1141422205 > .col-inner {\n  padding: 0px 0px 0px 0px;\n  margin: 0px 0px 0 0px;\n}\n<\/style>\n\t<\/div>\n\n\t\n\n<\/div>\n\n\t\t<\/div>\n\n\t\t\n<style>\n#section_1545755775 {\n  padding-top: 30px;\n  padding-bottom: 30px;\n  background-color: rgb(255, 255, 255);\n}\n<\/style>\n\t<\/section>\n\t\n\t<section class=\"section\" id=\"section_1513305977\">\n\t\t<div class=\"bg section-bg fill bg-fill  bg-loaded\" >\n\n\t\t\t\n\t\t\t<div class=\"section-bg-overlay absolute fill\"><\/div>\n\t\t\t\n\n\t\t<\/div>\n\n\t\t<div class=\"section-content relative\">\n\t\t\t\n\n<div class=\"row row-large align-middle\"  id=\"row-1182694140\">\n\n\n\t<div id=\"col-1656347468\" class=\"col medium-6 small-12 large-6\"  >\n\t\t<div class=\"col-inner\"  >\n\t\t\t\n\t\t\t\n\n\t<div class=\"img has-hover x md-x lg-x y md-y lg-y\" id=\"image_967032948\">\n\t\t<a class=\"\" href=\"http:\/\/dinom.de\/arca\/wp-content\/uploads\/2021\/08\/synchro_dtsch_fassung_2020.pdf\" target=\"_blank\" rel=\"noopener noreferrer\" >\t\t\t\t\t\t<div class=\"img-inner dark\" >\n\t\t\t<img loading=\"lazy\" decoding=\"async\" width=\"417\" height=\"560\" src=\"http:\/\/dinom.de\/arca\/wp-content\/uploads\/2021\/06\/Unbenannt-2.jpg\" class=\"attachment-large size-large\" alt=\"\" srcset=\"http:\/\/dinom.de\/arca\/wp-content\/uploads\/2021\/06\/Unbenannt-2.jpg 417w, http:\/\/dinom.de\/arca\/wp-content\/uploads\/2021\/06\/Unbenannt-2-298x400.jpg 298w\" sizes=\"auto, (max-width: 417px) 100vw, 417px\" \/>\t\t\t\t\t\t\n\t\t\t\t\t<\/div>\n\t\t\t\t\t\t<\/a>\t\t\n<style>\n#image_967032948 {\n  width: 50%;\n}\n<\/style>\n\t<\/div>\n\t\n\n\n\t\t<\/div>\n\t\t\t<\/div>\n\n\t\n\n\t<div id=\"col-1711016092\" class=\"col medium-6 small-12 large-6\"  >\n\t\t<div class=\"col-inner text-left\"  >\n\t\t\t\n\t\t\t\n\n<h1>Synchro Produktinformationen<\/h1>\n<p>&nbsp;<\/p>\n<a rel=\"noopener noreferrer\" href=\"http:\/\/dinom.de\/arca\/wp-content\/uploads\/2021\/08\/synchro_dtsch_fassung_2020.pdf\" target=\"_blank\" class=\"button primary lowercase\"  >\n    <span>Produktbrosch\u00fcre Synchro (PDF)<\/span>\n  <\/a>\n\n\n\n\t\t<\/div>\n\t\t\t<\/div>\n\n\t\n\n<\/div>\n\n\t\t<\/div>\n\n\t\t\n<style>\n#section_1513305977 {\n  padding-top: 60px;\n  padding-bottom: 60px;\n  background-color: rgb(193, 193, 193);\n}\n#section_1513305977 .section-bg-overlay {\n  background-color: rgba(255, 255, 255, 0.85);\n}\n<\/style>\n\t<\/section>\n\t\n\n","protected":false},"excerpt":{"rendered":"","protected":false},"author":1,"featured_media":0,"parent":887,"menu_order":0,"comment_status":"closed","ping_status":"closed","template":"page-blank.php","meta":{"footnotes":""},"class_list":["post-1100","page","type-page","status-publish","hentry"],"_links":{"self":[{"href":"http:\/\/dinom.de\/arca\/wp-json\/wp\/v2\/pages\/1100","targetHints":{"allow":["GET"]}}],"collection":[{"href":"http:\/\/dinom.de\/arca\/wp-json\/wp\/v2\/pages"}],"about":[{"href":"http:\/\/dinom.de\/arca\/wp-json\/wp\/v2\/types\/page"}],"author":[{"embeddable":true,"href":"http:\/\/dinom.de\/arca\/wp-json\/wp\/v2\/users\/1"}],"replies":[{"embeddable":true,"href":"http:\/\/dinom.de\/arca\/wp-json\/wp\/v2\/comments?post=1100"}],"version-history":[{"count":7,"href":"http:\/\/dinom.de\/arca\/wp-json\/wp\/v2\/pages\/1100\/revisions"}],"predecessor-version":[{"id":1251,"href":"http:\/\/dinom.de\/arca\/wp-json\/wp\/v2\/pages\/1100\/revisions\/1251"}],"up":[{"embeddable":true,"href":"http:\/\/dinom.de\/arca\/wp-json\/wp\/v2\/pages\/887"}],"wp:attachment":[{"href":"http:\/\/dinom.de\/arca\/wp-json\/wp\/v2\/media?parent=1100"}],"curies":[{"name":"wp","href":"https:\/\/api.w.org\/{rel}","templated":true}]}}