{"id":887,"date":"2021-05-18T15:14:29","date_gmt":"2021-05-18T13:14:29","guid":{"rendered":"http:\/\/dinom.de\/thurgau\/?page_id=887"},"modified":"2021-06-22T14:50:25","modified_gmt":"2021-06-22T12:50:25","slug":"produkte","status":"publish","type":"page","link":"http:\/\/dinom.de\/arca\/produkte\/","title":{"rendered":"Produkte"},"content":{"rendered":"\n\t<section class=\"section\" id=\"section_1546718168\">\n\t\t<div class=\"bg section-bg fill bg-fill  bg-loaded\" >\n\n\t\t\t\n\t\t\t<div class=\"section-bg-overlay absolute fill\"><\/div>\n\t\t\t\n\t<div class=\"is-border\"\n\t\tstyle=\"border-width:1px 0px 1px 0px;\">\n\t<\/div>\n\n\t\t<\/div>\n\n\t\t<div class=\"section-content relative\">\n\t\t\t\n\n<div class=\"row row-large align-middle\"  id=\"row-2000170823\">\n\n\n\t<div id=\"col-284932332\" class=\"col medium-6 small-12 large-6\"  >\n\t\t<div class=\"col-inner\"  >\n\t\t\t\n\t\t\t\n\n\t<div class=\"img has-hover x md-x lg-x y md-y lg-y\" id=\"image_888443577\">\n\t\t<a class=\"\" href=\"\/arca\/produkte\/cage-one\/\"  >\t\t\t\t\t\t<div class=\"img-inner box-shadow-2 dark\" >\n\t\t\t<img loading=\"lazy\" decoding=\"async\" width=\"1020\" height=\"788\" src=\"http:\/\/dinom.de\/arca\/wp-content\/uploads\/2021\/06\/CageOne_ASM_iso3-1035x800.jpg\" class=\"attachment-large size-large\" alt=\"\" srcset=\"http:\/\/dinom.de\/arca\/wp-content\/uploads\/2021\/06\/CageOne_ASM_iso3-1035x800.jpg 1035w, http:\/\/dinom.de\/arca\/wp-content\/uploads\/2021\/06\/CageOne_ASM_iso3-518x400.jpg 518w, http:\/\/dinom.de\/arca\/wp-content\/uploads\/2021\/06\/CageOne_ASM_iso3-768x593.jpg 768w, http:\/\/dinom.de\/arca\/wp-content\/uploads\/2021\/06\/CageOne_ASM_iso3-1536x1187.jpg 1536w, http:\/\/dinom.de\/arca\/wp-content\/uploads\/2021\/06\/CageOne_ASM_iso3-2048x1583.jpg 2048w, http:\/\/dinom.de\/arca\/wp-content\/uploads\/2021\/06\/CageOne_ASM_iso3-600x464.jpg 600w\" sizes=\"auto, (max-width: 1020px) 100vw, 1020px\" \/>\t\t\t\t\t\t\n\t\t\t\t\t<\/div>\n\t\t\t\t\t\t<\/a>\t\t\n<style>\n#image_888443577 {\n  width: 100%;\n}\n<\/style>\n\t<\/div>\n\t\n\n\n\t\t<\/div>\n\t\t\t<\/div>\n\n\t\n\n\t<div id=\"col-1050544460\" class=\"col medium-6 small-12 large-6\"  >\n\t\t<div class=\"col-inner text-left\"  >\n\t\t\t\n\t\t\t\n\n<h1>CageOne\u2122 \u2013 unkomplizierte und sichere Technik<\/h1>\n<p>Unsere CageOne\u2122 Technologie bietet unkomplizierte und sichere Technik f\u00fcr optimale lumbale und \/ oder lumbosakrale Fusionsverfahren.<br \/>Ein enger Austausch mit erfahrenen Operateuren gew\u00e4hrleistete in der Entwicklung des Produktes ein hohes Ma\u00df an Effizienz und Qualit\u00e4t des Implantats.<br \/>Die Cages der Marke CageOne\u2122 werden aus Titanlegierungen in Implantatqualit\u00e4t hergestellt (TiAl6V4 ELI).<\/p>\n<a href=\"\/arca\/produkte\/cage-one\/\" target=\"_self\" class=\"button primary\"  >\n    <span>Zum Produkt<\/span>\n  <\/a>\n\n\n\n\t\t<\/div>\n\t\t\t<\/div>\n\n\t\n\n<\/div>\n\n\t\t<\/div>\n\n\t\t\n<style>\n#section_1546718168 {\n  padding-top: 60px;\n  padding-bottom: 60px;\n  background-color: rgb(193, 193, 193);\n}\n#section_1546718168 .section-bg-overlay {\n  background-color: rgba(255, 255, 255, 0.85);\n}\n<\/style>\n\t<\/section>\n\t\n\t<section class=\"section\" id=\"section_927285657\">\n\t\t<div class=\"bg section-bg fill bg-fill  bg-loaded\" >\n\n\t\t\t\n\t\t\t<div class=\"section-bg-overlay absolute fill\"><\/div>\n\t\t\t\n\n\t\t<\/div>\n\n\t\t<div class=\"section-content relative\">\n\t\t\t\n\n<div class=\"row row-large align-middle\"  id=\"row-504169653\">\n\n\n\t<div id=\"col-1256509929\" class=\"col medium-6 small-12 large-6\"  >\n\t\t<div class=\"col-inner text-left\"  >\n\t\t\t\n\t\t\t\n\n<h1>Le U \u2013 Das System zur Dynamischen Stabilisierung<\/h1>\n<p>Das Titanimplantat Le U wird eingesetzt nach de-komprimierenden Eingriffen bei Lumbalkanalstenose und auch isoliert bei Facetteninstabilit\u00e4t. Das Implantat stabilisiert das operierte Segment und erh\u00e4lt seine Beweglichkeit. Die Patienten gewinnen ein St\u00fcck Lebensqualit\u00e4t zur\u00fcck, denn durch Le U wird schnell sowohl Beweglichkeit als auch Stabilit\u00e4t erreicht.<\/p>\n<p>Die Zufriedenheit der Patienten nach der dynamischen Stabilisierung und die Einfachheit des chirurgischen Eingriffs sprechen f\u00fcr Le U.<\/p>\n<a href=\"\/arca\/produkte\/le-u\/\" target=\"_self\" class=\"button primary\"  >\n    <span>Zum Produkt<\/span>\n  <\/a>\n\n\n\n\t\t<\/div>\n\t\t\t<\/div>\n\n\t\n\n\t<div id=\"col-984571411\" class=\"col medium-6 small-12 large-6\"  >\n\t\t<div class=\"col-inner\"  >\n\t\t\t\n\t\t\t\n\n\t<div class=\"img has-hover x md-x lg-x y md-y lg-y\" id=\"image_1814745255\">\n\t\t<a class=\"\" href=\"\/arca\/produkte\/le-u\/\"  >\t\t\t\t\t\t<div class=\"img-inner box-shadow-2 dark\" >\n\t\t\t<img loading=\"lazy\" decoding=\"async\" width=\"603\" height=\"392\" src=\"http:\/\/dinom.de\/arca\/wp-content\/uploads\/2021\/06\/LeU_052-e1623070743691.jpg\" class=\"attachment-large size-large\" alt=\"\" \/>\t\t\t\t\t\t\n\t\t\t\t\t<\/div>\n\t\t\t\t\t\t<\/a>\t\t\n<style>\n#image_1814745255 {\n  width: 100%;\n}\n<\/style>\n\t<\/div>\n\t\n\n\n\t\t<\/div>\n\t\t\t<\/div>\n\n\t\n\n<\/div>\n\n\t\t<\/div>\n\n\t\t\n<style>\n#section_927285657 {\n  padding-top: 60px;\n  padding-bottom: 60px;\n  background-color: rgb(255, 255, 255);\n}\n#section_927285657 .section-bg-overlay {\n  background-color: rgba(255, 255, 255, 0.85);\n}\n<\/style>\n\t<\/section>\n\t\n\t<section class=\"section\" id=\"section_921240090\">\n\t\t<div class=\"bg section-bg fill bg-fill  bg-loaded\" >\n\n\t\t\t\n\t\t\t<div class=\"section-bg-overlay absolute fill\"><\/div>\n\t\t\t\n\t<div class=\"is-border\"\n\t\tstyle=\"border-width:1px 0px 1px 0px;\">\n\t<\/div>\n\n\t\t<\/div>\n\n\t\t<div class=\"section-content relative\">\n\t\t\t\n\n<div class=\"row row-large align-middle\"  id=\"row-252776702\">\n\n\n\t<div id=\"col-216825144\" class=\"col medium-6 small-12 large-6\"  >\n\t\t<div class=\"col-inner\"  >\n\t\t\t\n\t\t\t\n\n\t<div class=\"img has-hover x md-x lg-x y md-y lg-y\" id=\"image_1630134674\">\n\t\t<a class=\"\" href=\"\/arca\/produkte\/pstwo-pedikel-schrauben\/\"  >\t\t\t\t\t\t<div class=\"img-inner box-shadow-2 dark\" >\n\t\t\t<img loading=\"lazy\" decoding=\"async\" width=\"1020\" height=\"751\" src=\"http:\/\/dinom.de\/arca\/wp-content\/uploads\/2021\/06\/Alle-Schrauben-klein-1086x800.jpg\" class=\"attachment-large size-large\" alt=\"\" srcset=\"http:\/\/dinom.de\/arca\/wp-content\/uploads\/2021\/06\/Alle-Schrauben-klein-1086x800.jpg 1086w, http:\/\/dinom.de\/arca\/wp-content\/uploads\/2021\/06\/Alle-Schrauben-klein-543x400.jpg 543w, http:\/\/dinom.de\/arca\/wp-content\/uploads\/2021\/06\/Alle-Schrauben-klein-768x566.jpg 768w, http:\/\/dinom.de\/arca\/wp-content\/uploads\/2021\/06\/Alle-Schrauben-klein-1536x1132.jpg 1536w, http:\/\/dinom.de\/arca\/wp-content\/uploads\/2021\/06\/Alle-Schrauben-klein-2048x1509.jpg 2048w, http:\/\/dinom.de\/arca\/wp-content\/uploads\/2021\/06\/Alle-Schrauben-klein-600x442.jpg 600w\" sizes=\"auto, (max-width: 1020px) 100vw, 1020px\" \/>\t\t\t\t\t\t\n\t\t\t\t\t<\/div>\n\t\t\t\t\t\t<\/a>\t\t\n<style>\n#image_1630134674 {\n  width: 100%;\n}\n<\/style>\n\t<\/div>\n\t\n\n\n\t\t<\/div>\n\t\t\t<\/div>\n\n\t\n\n\t<div id=\"col-1635148550\" class=\"col medium-6 small-12 large-6\"  >\n\t\t<div class=\"col-inner text-left\"  >\n\t\t\t\n\t\t\t\n\n<h1>PsTwo\u2122 \u2013 unkompliziert und sicher\u00a0<\/h1>\n<p>Das PsTwo\u2122 System umfasst ein Set aus Pedikelschrauben,<br \/>St\u00e4ben, Muttern zur Schraube und Instrumenten. PsTwo\u2122<br \/>wurde speziell f\u00fcr die tempor\u00e4re oder permanente Korrektur\/Stabilisation der Wirbels\u00e4ule zwischen Brustwirbel<br \/>und Kreuzbein entwickelt und f\u00f6rdert die Konsolidierung<br \/>bzw. das Zusammenwachsen der Knochen. In Verbindung<br \/>mit einem lumbalen Cage f\u00e4ngt PsTwo\u2122 die intervertebrale Belastung auf und erleichtert die Osteosynthese.<\/p>\n<a href=\"\/arca\/produkte\/pstwo-pedikel-schrauben\/\" target=\"_self\" class=\"button primary\"  >\n    <span>Zum Produkt<\/span>\n  <\/a>\n\n\n\n\t\t<\/div>\n\t\t\t<\/div>\n\n\t\n\n<\/div>\n\n\t\t<\/div>\n\n\t\t\n<style>\n#section_921240090 {\n  padding-top: 60px;\n  padding-bottom: 60px;\n  background-color: rgb(193, 193, 193);\n}\n#section_921240090 .section-bg-overlay {\n  background-color: rgba(255, 255, 255, 0.85);\n}\n<\/style>\n\t<\/section>\n\t\n\t<section class=\"section\" id=\"section_778229749\">\n\t\t<div class=\"bg section-bg fill bg-fill  bg-loaded\" >\n\n\t\t\t\n\t\t\t<div class=\"section-bg-overlay absolute fill\"><\/div>\n\t\t\t\n\n\t\t<\/div>\n\n\t\t<div class=\"section-content relative\">\n\t\t\t\n\n<div class=\"row row-large align-middle\"  id=\"row-23205317\">\n\n\n\t<div id=\"col-601690536\" class=\"col medium-6 small-12 large-6\"  >\n\t\t<div class=\"col-inner text-left\"  >\n\t\t\t\n\t\t\t\n\n<h1>Synchro- Das lumbale TLIF System&nbsp;<\/h1>\n<p>Der lumbale TLIF Cage \u201cSynchro\u201c besteht aus einem vorderen und einem hinteren Element. Beide sind durch ein Gelenk beweglich miteinander verbunden. Die Beweglichkeit der beiden Elemente garantiert eine optimale Einf\u00fchrung des Implantates. Das vordere Element wird durch das Foramen in den Zwischenwirbelraum eingef\u00fchrt und mit Hilfe des hinteren Elements ausgerichtet. In der Endlage betr\u00e4gt der gebildete Winkel der beiden Elemente zwischen 45&nbsp;und 90 Grad.&nbsp;<\/p>\n<a href=\"\/arca\/produkte\/synchro\/\" target=\"_self\" class=\"button primary\"  >\n    <span>Zum Produkt<\/span>\n  <\/a>\n\n\n\n\t\t<\/div>\n\t\t\t<\/div>\n\n\t\n\n\t<div id=\"col-1225245343\" class=\"col medium-6 small-12 large-6\"  >\n\t\t<div class=\"col-inner\"  >\n\t\t\t\n\t\t\t\n\n\t<div class=\"img has-hover x md-x lg-x y md-y lg-y\" id=\"image_250062792\">\n\t\t<a class=\"\" href=\"\/arca\/produkte\/synchro\/\"  >\t\t\t\t\t\t<div class=\"img-inner box-shadow-2 dark\" >\n\t\t\t<img loading=\"lazy\" decoding=\"async\" width=\"603\" height=\"392\" src=\"http:\/\/dinom.de\/arca\/wp-content\/uploads\/2021\/06\/121.jpg\" class=\"attachment-large size-large\" alt=\"\" srcset=\"http:\/\/dinom.de\/arca\/wp-content\/uploads\/2021\/06\/121.jpg 603w, http:\/\/dinom.de\/arca\/wp-content\/uploads\/2021\/06\/121-600x390.jpg 600w\" sizes=\"auto, (max-width: 603px) 100vw, 603px\" \/>\t\t\t\t\t\t\n\t\t\t\t\t<\/div>\n\t\t\t\t\t\t<\/a>\t\t\n<style>\n#image_250062792 {\n  width: 100%;\n}\n<\/style>\n\t<\/div>\n\t\n\n\n\t\t<\/div>\n\t\t\t<\/div>\n\n\t\n\n<\/div>\n\n\t\t<\/div>\n\n\t\t\n<style>\n#section_778229749 {\n  padding-top: 60px;\n  padding-bottom: 60px;\n  background-color: rgb(255, 255, 255);\n}\n#section_778229749 .section-bg-overlay {\n  background-color: rgba(255, 255, 255, 0.85);\n}\n<\/style>\n\t<\/section>\n\t\n\t<section class=\"section\" id=\"section_951645922\">\n\t\t<div class=\"bg section-bg fill bg-fill  bg-loaded\" >\n\n\t\t\t\n\t\t\t<div class=\"section-bg-overlay absolute fill\"><\/div>\n\t\t\t\n\t<div class=\"is-border\"\n\t\tstyle=\"border-width:1px 0px 1px 0px;\">\n\t<\/div>\n\n\t\t<\/div>\n\n\t\t<div class=\"section-content relative\">\n\t\t\t\n\n<div class=\"row row-large align-middle\"  id=\"row-753290579\">\n\n\n\t<div id=\"col-67661409\" class=\"col medium-6 small-12 large-6\"  >\n\t\t<div class=\"col-inner\"  >\n\t\t\t\n\t\t\t\n\n\t<div class=\"img has-hover x md-x lg-x y md-y lg-y\" id=\"image_1276231571\">\n\t\t<a class=\"\" href=\"\/arca\/produkte\/sourire\/\"  >\t\t\t\t\t\t<div class=\"img-inner box-shadow-2 dark\" >\n\t\t\t<img loading=\"lazy\" decoding=\"async\" width=\"603\" height=\"392\" src=\"http:\/\/dinom.de\/arca\/wp-content\/uploads\/2021\/06\/Sourire053.jpg\" class=\"attachment-large size-large\" alt=\"\" srcset=\"http:\/\/dinom.de\/arca\/wp-content\/uploads\/2021\/06\/Sourire053.jpg 603w, http:\/\/dinom.de\/arca\/wp-content\/uploads\/2021\/06\/Sourire053-600x390.jpg 600w\" sizes=\"auto, (max-width: 603px) 100vw, 603px\" \/>\t\t\t\t\t\t\n\t\t\t\t\t<\/div>\n\t\t\t\t\t\t<\/a>\t\t\n<style>\n#image_1276231571 {\n  width: 100%;\n}\n<\/style>\n\t<\/div>\n\t\n\n\n\t\t<\/div>\n\t\t\t<\/div>\n\n\t\n\n\t<div id=\"col-1201657037\" class=\"col medium-6 small-12 large-6\"  >\n\t\t<div class=\"col-inner text-left\"  >\n\t\t\t\n\t\t\t\n\n<h1>Sourire \u2013 Das System zur Wirbell\u00f6rperfusion an der Halswirbels\u00e4ule<\/h1>\n<p>Der Zervikalcage \u201cSourire\u201d aus PEEK erm\u00f6glicht durch seine anatomische Form und seine Dreifuss-Verankerung eine einfache Positionierung und eine optimale prim\u00e4re Stabilit\u00e4t.<\/p>\n<a href=\"\/arca\/produkte\/sourire\/\" target=\"_self\" class=\"button primary\"  >\n    <span>Zum Produkt<\/span>\n  <\/a>\n\n\n\n\t\t<\/div>\n\t\t\t<\/div>\n\n\t\n\n<\/div>\n\n\t\t<\/div>\n\n\t\t\n<style>\n#section_951645922 {\n  padding-top: 60px;\n  padding-bottom: 60px;\n  background-color: rgb(0, 0, 0);\n}\n#section_951645922 .section-bg-overlay {\n  background-color: rgba(255, 255, 255, 0.85);\n}\n<\/style>\n\t<\/section>\n\t\n\n","protected":false},"excerpt":{"rendered":"","protected":false},"author":1,"featured_media":0,"parent":0,"menu_order":0,"comment_status":"closed","ping_status":"closed","template":"page-blank.php","meta":{"footnotes":""},"class_list":["post-887","page","type-page","status-publish","hentry"],"_links":{"self":[{"href":"http:\/\/dinom.de\/arca\/wp-json\/wp\/v2\/pages\/887","targetHints":{"allow":["GET"]}}],"collection":[{"href":"http:\/\/dinom.de\/arca\/wp-json\/wp\/v2\/pages"}],"about":[{"href":"http:\/\/dinom.de\/arca\/wp-json\/wp\/v2\/types\/page"}],"author":[{"embeddable":true,"href":"http:\/\/dinom.de\/arca\/wp-json\/wp\/v2\/users\/1"}],"replies":[{"embeddable":true,"href":"http:\/\/dinom.de\/arca\/wp-json\/wp\/v2\/comments?post=887"}],"version-history":[{"count":15,"href":"http:\/\/dinom.de\/arca\/wp-json\/wp\/v2\/pages\/887\/revisions"}],"predecessor-version":[{"id":1159,"href":"http:\/\/dinom.de\/arca\/wp-json\/wp\/v2\/pages\/887\/revisions\/1159"}],"wp:attachment":[{"href":"http:\/\/dinom.de\/arca\/wp-json\/wp\/v2\/media?parent=887"}],"curies":[{"name":"wp","href":"https:\/\/api.w.org\/{rel}","templated":true}]}}