{"id":890,"date":"2021-05-18T15:16:49","date_gmt":"2021-05-18T13:16:49","guid":{"rendered":"http:\/\/dinom.de\/thurgau\/?page_id=890"},"modified":"2021-08-02T09:04:54","modified_gmt":"2021-08-02T07:04:54","slug":"cage-one","status":"publish","type":"page","link":"http:\/\/dinom.de\/arca\/produkte\/cage-one\/","title":{"rendered":"Cage One"},"content":{"rendered":"\n\t<section class=\"section\" id=\"section_703598214\">\n\t\t<div class=\"bg section-bg fill bg-fill  bg-loaded\" >\n\n\t\t\t\n\t\t\t<div class=\"section-bg-overlay absolute fill\"><\/div>\n\t\t\t\n\n\t\t<\/div>\n\n\t\t<div class=\"section-content relative\">\n\t\t\t\n\n<div class=\"row row-large align-middle\"  id=\"row-756579641\">\n\n\n\t<div id=\"col-1088648980\" class=\"col medium-6 small-12 large-6\"  >\n\t\t<div class=\"col-inner\"  >\n\t\t\t\n\t\t\t\n\n<div class=\"slider-wrapper relative\" id=\"slider-939449769\" >\n    <div class=\"slider slider-nav-circle slider-nav-large slider-nav-light slider-style-normal\"\n        data-flickity-options='{\n            \"cellAlign\": \"center\",\n            \"imagesLoaded\": true,\n            \"lazyLoad\": 1,\n            \"freeScroll\": false,\n            \"wrapAround\": true,\n            \"autoPlay\": 3000,\n            \"pauseAutoPlayOnHover\" : true,\n            \"prevNextButtons\": true,\n            \"contain\" : true,\n            \"adaptiveHeight\" : true,\n            \"dragThreshold\" : 10,\n            \"percentPosition\": true,\n            \"pageDots\": true,\n            \"rightToLeft\": false,\n            \"draggable\": true,\n            \"selectedAttraction\": 0.1,\n            \"parallax\" : 0,\n            \"friction\": 0.6        }'\n        >\n        \n\n\t<div class=\"img has-hover x md-x lg-x y md-y lg-y\" id=\"image_456965532\">\n\t\t\t\t\t\t\t\t<div class=\"img-inner dark\" >\n\t\t\t<img loading=\"lazy\" decoding=\"async\" width=\"1020\" height=\"788\" src=\"http:\/\/dinom.de\/arca\/wp-content\/uploads\/2021\/06\/CageOne_ASM_iso3-1035x800.jpg\" class=\"attachment-large size-large\" alt=\"\" srcset=\"http:\/\/dinom.de\/arca\/wp-content\/uploads\/2021\/06\/CageOne_ASM_iso3-1035x800.jpg 1035w, http:\/\/dinom.de\/arca\/wp-content\/uploads\/2021\/06\/CageOne_ASM_iso3-518x400.jpg 518w, http:\/\/dinom.de\/arca\/wp-content\/uploads\/2021\/06\/CageOne_ASM_iso3-768x593.jpg 768w, http:\/\/dinom.de\/arca\/wp-content\/uploads\/2021\/06\/CageOne_ASM_iso3-1536x1187.jpg 1536w, http:\/\/dinom.de\/arca\/wp-content\/uploads\/2021\/06\/CageOne_ASM_iso3-2048x1583.jpg 2048w, http:\/\/dinom.de\/arca\/wp-content\/uploads\/2021\/06\/CageOne_ASM_iso3-600x464.jpg 600w\" sizes=\"auto, (max-width: 1020px) 100vw, 1020px\" \/>\t\t\t\t\t\t\n\t\t\t\t\t<\/div>\n\t\t\t\t\t\t\t\t\n<style>\n#image_456965532 {\n  width: 100%;\n}\n<\/style>\n\t<\/div>\n\t\n\n\t<div class=\"img has-hover x md-x lg-x y md-y lg-y\" id=\"image_158645640\">\n\t\t\t\t\t\t\t\t<div class=\"img-inner dark\" >\n\t\t\t<img loading=\"lazy\" decoding=\"async\" width=\"1020\" height=\"788\" src=\"http:\/\/dinom.de\/arca\/wp-content\/uploads\/2021\/06\/CageOne_ASM_front-1035x800.jpg\" class=\"attachment-large size-large\" alt=\"\" srcset=\"http:\/\/dinom.de\/arca\/wp-content\/uploads\/2021\/06\/CageOne_ASM_front-1035x800.jpg 1035w, http:\/\/dinom.de\/arca\/wp-content\/uploads\/2021\/06\/CageOne_ASM_front-518x400.jpg 518w, http:\/\/dinom.de\/arca\/wp-content\/uploads\/2021\/06\/CageOne_ASM_front-768x593.jpg 768w, http:\/\/dinom.de\/arca\/wp-content\/uploads\/2021\/06\/CageOne_ASM_front-1536x1187.jpg 1536w, http:\/\/dinom.de\/arca\/wp-content\/uploads\/2021\/06\/CageOne_ASM_front-2048x1583.jpg 2048w, http:\/\/dinom.de\/arca\/wp-content\/uploads\/2021\/06\/CageOne_ASM_front-600x464.jpg 600w\" sizes=\"auto, (max-width: 1020px) 100vw, 1020px\" \/>\t\t\t\t\t\t\n\t\t\t\t\t<\/div>\n\t\t\t\t\t\t\t\t\n<style>\n#image_158645640 {\n  width: 100%;\n}\n<\/style>\n\t<\/div>\n\t\n\n\t<div class=\"img has-hover x md-x lg-x y md-y lg-y\" id=\"image_2058160221\">\n\t\t\t\t\t\t\t\t<div class=\"img-inner dark\" >\n\t\t\t<img loading=\"lazy\" decoding=\"async\" width=\"1020\" height=\"788\" src=\"http:\/\/dinom.de\/arca\/wp-content\/uploads\/2021\/06\/CageOne_iso1-1035x800.jpg\" class=\"attachment-large size-large\" alt=\"\" srcset=\"http:\/\/dinom.de\/arca\/wp-content\/uploads\/2021\/06\/CageOne_iso1-1035x800.jpg 1035w, http:\/\/dinom.de\/arca\/wp-content\/uploads\/2021\/06\/CageOne_iso1-518x400.jpg 518w, http:\/\/dinom.de\/arca\/wp-content\/uploads\/2021\/06\/CageOne_iso1-768x593.jpg 768w, http:\/\/dinom.de\/arca\/wp-content\/uploads\/2021\/06\/CageOne_iso1-1536x1187.jpg 1536w, http:\/\/dinom.de\/arca\/wp-content\/uploads\/2021\/06\/CageOne_iso1-2048x1583.jpg 2048w, http:\/\/dinom.de\/arca\/wp-content\/uploads\/2021\/06\/CageOne_iso1-600x464.jpg 600w\" sizes=\"auto, (max-width: 1020px) 100vw, 1020px\" \/>\t\t\t\t\t\t\n\t\t\t\t\t<\/div>\n\t\t\t\t\t\t\t\t\n<style>\n#image_2058160221 {\n  width: 100%;\n}\n<\/style>\n\t<\/div>\n\t\n\n\t<div class=\"img has-hover x md-x lg-x y md-y lg-y\" id=\"image_882833847\">\n\t\t\t\t\t\t\t\t<div class=\"img-inner dark\" >\n\t\t\t<img loading=\"lazy\" decoding=\"async\" width=\"1020\" height=\"788\" src=\"http:\/\/dinom.de\/arca\/wp-content\/uploads\/2021\/06\/CageOne_inserter2-1035x800.jpg\" class=\"attachment-large size-large\" alt=\"\" srcset=\"http:\/\/dinom.de\/arca\/wp-content\/uploads\/2021\/06\/CageOne_inserter2-1035x800.jpg 1035w, http:\/\/dinom.de\/arca\/wp-content\/uploads\/2021\/06\/CageOne_inserter2-518x400.jpg 518w, http:\/\/dinom.de\/arca\/wp-content\/uploads\/2021\/06\/CageOne_inserter2-768x593.jpg 768w, http:\/\/dinom.de\/arca\/wp-content\/uploads\/2021\/06\/CageOne_inserter2-1536x1187.jpg 1536w, http:\/\/dinom.de\/arca\/wp-content\/uploads\/2021\/06\/CageOne_inserter2-2048x1583.jpg 2048w, http:\/\/dinom.de\/arca\/wp-content\/uploads\/2021\/06\/CageOne_inserter2-600x464.jpg 600w\" sizes=\"auto, (max-width: 1020px) 100vw, 1020px\" \/>\t\t\t\t\t\t\n\t\t\t\t\t<\/div>\n\t\t\t\t\t\t\t\t\n<style>\n#image_882833847 {\n  width: 100%;\n}\n<\/style>\n\t<\/div>\n\t\n\n\t<div class=\"img has-hover x md-x lg-x y md-y lg-y\" id=\"image_1078837682\">\n\t\t\t\t\t\t\t\t<div class=\"img-inner dark\" >\n\t\t\t<img loading=\"lazy\" decoding=\"async\" width=\"1020\" height=\"788\" src=\"http:\/\/dinom.de\/arca\/wp-content\/uploads\/2021\/06\/CageOne_inserter-1035x800.jpg\" class=\"attachment-large size-large\" alt=\"\" srcset=\"http:\/\/dinom.de\/arca\/wp-content\/uploads\/2021\/06\/CageOne_inserter-1035x800.jpg 1035w, http:\/\/dinom.de\/arca\/wp-content\/uploads\/2021\/06\/CageOne_inserter-518x400.jpg 518w, http:\/\/dinom.de\/arca\/wp-content\/uploads\/2021\/06\/CageOne_inserter-768x593.jpg 768w, http:\/\/dinom.de\/arca\/wp-content\/uploads\/2021\/06\/CageOne_inserter-1536x1187.jpg 1536w, http:\/\/dinom.de\/arca\/wp-content\/uploads\/2021\/06\/CageOne_inserter-2048x1583.jpg 2048w, http:\/\/dinom.de\/arca\/wp-content\/uploads\/2021\/06\/CageOne_inserter-600x464.jpg 600w\" sizes=\"auto, (max-width: 1020px) 100vw, 1020px\" \/>\t\t\t\t\t\t\n\t\t\t\t\t<\/div>\n\t\t\t\t\t\t\t\t\n<style>\n#image_1078837682 {\n  width: 100%;\n}\n<\/style>\n\t<\/div>\n\t\n\n\n     <\/div>\n\n     <div class=\"loading-spin dark large centered\"><\/div>\n\n     \t<\/div>\n\n\n\n\t\t<\/div>\n\t\t\t<\/div>\n\n\t\n\n\t<div id=\"col-477522485\" class=\"col medium-6 small-12 large-6\"  >\n\t\t<div class=\"col-inner text-left\"  >\n\t\t\t\n\t\t\t\n\n\t<div id=\"text-1666811603\" class=\"text\">\n\t\t\n\n<h1>CageOne\u2122 &#8211; unkomplizierte und sichere Technik<\/h1>\n<p>Unsere CageOne\u2122 Technologie bietet unkomplizierte und sichere Technik f\u00fcr optimale lumbale und \/ oder lumbosakrale Fusionsverfahren.<br \/>Ein enger Austausch mit erfahrenen Operateuren gew\u00e4hrleistete in der Entwicklung des Produktes ein hohes Ma\u00df an Effizienz und Qualit\u00e4t des Implantats. <br \/>Die Cages der Marke CageOne\u2122 werden aus Titanlegierungen in Implantatqualit\u00e4t hergestellt (TiAl6V4 ELI).<\/p>\n\t\t\n<style>\n#text-1666811603 {\n  font-size: 1rem;\n}\n<\/style>\n\t<\/div>\n\t\n\n\t\t<\/div>\n\t\t\t<\/div>\n\n\t\n\n<\/div>\n\n\t\t<\/div>\n\n\t\t\n<style>\n#section_703598214 {\n  padding-top: 60px;\n  padding-bottom: 60px;\n  background-color: rgb(255, 255, 255);\n}\n#section_703598214 .section-bg-overlay {\n  background-color: rgba(255, 255, 255, 0.85);\n}\n<\/style>\n\t<\/section>\n\t\n\t<section class=\"section\" id=\"section_1328799223\">\n\t\t<div class=\"bg section-bg fill bg-fill  bg-loaded\" >\n\n\t\t\t\n\t\t\t\n\t\t\t\n\n\t\t<\/div>\n\n\t\t<div class=\"section-content relative\">\n\t\t\t\n\n<div class=\"row\"  id=\"row-973361468\">\n\n\n\t<div id=\"col-792009159\" class=\"col small-12 large-12\"  >\n\t\t<div class=\"col-inner\"  >\n\t\t\t\n\t\t\t\n\n\t<div id=\"text-2659444810\" class=\"text\">\n\t\t\n\n<h2>Vorteile des CageOne<\/h2>\n\t\t\n<style>\n#text-2659444810 {\n  font-size: 1rem;\n  text-align: left;\n}\n<\/style>\n\t<\/div>\n\t\n\n\t\t<\/div>\n\t\t\t<\/div>\n\n\t\n\n<\/div>\n<div class=\"row\"  id=\"row-1074994248\">\n\n\n\t<div id=\"col-1666758500\" class=\"col medium-4 small-12 large-4\"  >\n\t\t<div class=\"col-inner\"  >\n\t\t\t\n\t\t\t\n\n<div class=\"row align-middle\"  id=\"row-1872400471\">\n\n\n\t<div id=\"col-1091689688\" class=\"col medium-3 small-12 large-3\"  >\n\t\t<div class=\"col-inner\"  >\n\t\t\t\n\t\t\t\n\n\t<div class=\"img has-hover x md-x lg-x y md-y lg-y\" id=\"image_638955105\">\n\t\t\t\t\t\t\t\t<div class=\"img-inner dark\" style=\"margin:-31px 0px 0px 0px;\">\n\t\t\t<img loading=\"lazy\" decoding=\"async\" width=\"512\" height=\"512\" src=\"http:\/\/dinom.de\/arca\/wp-content\/uploads\/2021\/06\/check-mark.png\" class=\"attachment-large size-large\" alt=\"\" srcset=\"http:\/\/dinom.de\/arca\/wp-content\/uploads\/2021\/06\/check-mark.png 512w, http:\/\/dinom.de\/arca\/wp-content\/uploads\/2021\/06\/check-mark-400x400.png 400w, http:\/\/dinom.de\/arca\/wp-content\/uploads\/2021\/06\/check-mark-280x280.png 280w, http:\/\/dinom.de\/arca\/wp-content\/uploads\/2021\/06\/check-mark-300x300.png 300w, http:\/\/dinom.de\/arca\/wp-content\/uploads\/2021\/06\/check-mark-100x100.png 100w\" sizes=\"auto, (max-width: 512px) 100vw, 512px\" \/>\t\t\t\t\t\t\n\t\t\t\t\t<\/div>\n\t\t\t\t\t\t\t\t\n<style>\n#image_638955105 {\n  width: 100%;\n}\n<\/style>\n\t<\/div>\n\t\n\n\n\t\t<\/div>\n\t\t\t<\/div>\n\n\t\n\n\t<div id=\"col-2133976581\" class=\"col medium-9 small-12 large-9\"  >\n\t\t<div class=\"col-inner\"  >\n\t\t\t\n\t\t\t\n\n\t<div id=\"text-3335078766\" class=\"text\">\n\t\t\n\n<p>Drei OP-Zug\u00e4nge in einem (transforaminal, anterior, lateral)<\/p>\n\t\t\n<style>\n#text-3335078766 {\n  font-size: 1.2rem;\n}\n<\/style>\n\t<\/div>\n\t\n\n\t\t<\/div>\n\t\t\t<\/div>\n\n\t\n\n<\/div>\n\n\t\t<\/div>\n\t\t\t<\/div>\n\n\t\n\n\t<div id=\"col-1664244858\" class=\"col medium-4 small-12 large-4\"  >\n\t\t<div class=\"col-inner\"  >\n\t\t\t\n\t\t\t\n\n<div class=\"row align-middle\"  id=\"row-1855254342\">\n\n\n\t<div id=\"col-1683617424\" class=\"col medium-3 small-12 large-3\"  >\n\t\t<div class=\"col-inner\"  >\n\t\t\t\n\t\t\t\n\n\t<div class=\"img has-hover x md-x lg-x y md-y lg-y\" id=\"image_322441301\">\n\t\t\t\t\t\t\t\t<div class=\"img-inner dark\" >\n\t\t\t<img loading=\"lazy\" decoding=\"async\" width=\"512\" height=\"512\" src=\"http:\/\/dinom.de\/arca\/wp-content\/uploads\/2021\/06\/check-mark.png\" class=\"attachment-large size-large\" alt=\"\" srcset=\"http:\/\/dinom.de\/arca\/wp-content\/uploads\/2021\/06\/check-mark.png 512w, http:\/\/dinom.de\/arca\/wp-content\/uploads\/2021\/06\/check-mark-400x400.png 400w, http:\/\/dinom.de\/arca\/wp-content\/uploads\/2021\/06\/check-mark-280x280.png 280w, http:\/\/dinom.de\/arca\/wp-content\/uploads\/2021\/06\/check-mark-300x300.png 300w, http:\/\/dinom.de\/arca\/wp-content\/uploads\/2021\/06\/check-mark-100x100.png 100w\" sizes=\"auto, (max-width: 512px) 100vw, 512px\" \/>\t\t\t\t\t\t\n\t\t\t\t\t<\/div>\n\t\t\t\t\t\t\t\t\n<style>\n#image_322441301 {\n  width: 100%;\n}\n<\/style>\n\t<\/div>\n\t\n\n\n\t\t<\/div>\n\t\t\t<\/div>\n\n\t\n\n\t<div id=\"col-1809800529\" class=\"col medium-9 small-12 large-9\"  >\n\t\t<div class=\"col-inner\"  >\n\t\t\t\n\t\t\t\n\n\t<div id=\"text-2337077161\" class=\"text\">\n\t\t\n\n<p>Gro\u00dfe Oberfl\u00e4che<\/p>\n\t\t\n<style>\n#text-2337077161 {\n  font-size: 1.2rem;\n}\n<\/style>\n\t<\/div>\n\t\n\n\t\t<\/div>\n\t\t\t<\/div>\n\n\t\n\n<\/div>\n\n\t\t<\/div>\n\t\t\t<\/div>\n\n\t\n\n\t<div id=\"col-895887908\" class=\"col medium-4 small-12 large-4\"  >\n\t\t<div class=\"col-inner\"  >\n\t\t\t\n\t\t\t\n\n<div class=\"row align-middle\"  id=\"row-1241553761\">\n\n\n\t<div id=\"col-1480205935\" class=\"col medium-3 small-12 large-3\"  >\n\t\t<div class=\"col-inner\"  >\n\t\t\t\n\t\t\t\n\n\t<div class=\"img has-hover x md-x lg-x y md-y lg-y\" id=\"image_593092806\">\n\t\t\t\t\t\t\t\t<div class=\"img-inner dark\" >\n\t\t\t<img loading=\"lazy\" decoding=\"async\" width=\"512\" height=\"512\" src=\"http:\/\/dinom.de\/arca\/wp-content\/uploads\/2021\/06\/check-mark.png\" class=\"attachment-large size-large\" alt=\"\" srcset=\"http:\/\/dinom.de\/arca\/wp-content\/uploads\/2021\/06\/check-mark.png 512w, http:\/\/dinom.de\/arca\/wp-content\/uploads\/2021\/06\/check-mark-400x400.png 400w, http:\/\/dinom.de\/arca\/wp-content\/uploads\/2021\/06\/check-mark-280x280.png 280w, http:\/\/dinom.de\/arca\/wp-content\/uploads\/2021\/06\/check-mark-300x300.png 300w, http:\/\/dinom.de\/arca\/wp-content\/uploads\/2021\/06\/check-mark-100x100.png 100w\" sizes=\"auto, (max-width: 512px) 100vw, 512px\" \/>\t\t\t\t\t\t\n\t\t\t\t\t<\/div>\n\t\t\t\t\t\t\t\t\n<style>\n#image_593092806 {\n  width: 100%;\n}\n<\/style>\n\t<\/div>\n\t\n\n\n\t\t<\/div>\n\t\t\t<\/div>\n\n\t\n\n\t<div id=\"col-1754836947\" class=\"col medium-9 small-12 large-9\"  >\n\t\t<div class=\"col-inner\"  >\n\t\t\t\n\t\t\t\n\n\t<div id=\"text-3631736054\" class=\"text\">\n\t\t\n\n<p>Hohe Stabilit\u00e4t<\/p>\n\t\t\n<style>\n#text-3631736054 {\n  font-size: 1.2rem;\n}\n<\/style>\n\t<\/div>\n\t\n\n\t\t<\/div>\n\t\t\t<\/div>\n\n\t\n\n<\/div>\n\n\t\t<\/div>\n\t\t\t<\/div>\n\n\t\n\n<\/div>\n<div class=\"row\"  id=\"row-357344367\">\n\n\n\t<div id=\"col-44369118\" class=\"col medium-4 small-12 large-4\"  >\n\t\t<div class=\"col-inner\"  >\n\t\t\t\n\t\t\t\n\n<div class=\"row align-middle\"  id=\"row-138130019\">\n\n\n\t<div id=\"col-363928668\" class=\"col medium-3 small-12 large-3\"  >\n\t\t<div class=\"col-inner\"  >\n\t\t\t\n\t\t\t\n\n\t<div class=\"img has-hover x md-x lg-x y md-y lg-y\" id=\"image_1593720819\">\n\t\t\t\t\t\t\t\t<div class=\"img-inner dark\" >\n\t\t\t<img loading=\"lazy\" decoding=\"async\" width=\"512\" height=\"512\" src=\"http:\/\/dinom.de\/arca\/wp-content\/uploads\/2021\/06\/check-mark.png\" class=\"attachment-large size-large\" alt=\"\" srcset=\"http:\/\/dinom.de\/arca\/wp-content\/uploads\/2021\/06\/check-mark.png 512w, http:\/\/dinom.de\/arca\/wp-content\/uploads\/2021\/06\/check-mark-400x400.png 400w, http:\/\/dinom.de\/arca\/wp-content\/uploads\/2021\/06\/check-mark-280x280.png 280w, http:\/\/dinom.de\/arca\/wp-content\/uploads\/2021\/06\/check-mark-300x300.png 300w, http:\/\/dinom.de\/arca\/wp-content\/uploads\/2021\/06\/check-mark-100x100.png 100w\" sizes=\"auto, (max-width: 512px) 100vw, 512px\" \/>\t\t\t\t\t\t\n\t\t\t\t\t<\/div>\n\t\t\t\t\t\t\t\t\n<style>\n#image_1593720819 {\n  width: 100%;\n}\n<\/style>\n\t<\/div>\n\t\n\n\n\t\t<\/div>\n\t\t\t<\/div>\n\n\t\n\n\t<div id=\"col-174276649\" class=\"col medium-9 small-12 large-9\"  >\n\t\t<div class=\"col-inner\"  >\n\t\t\t\n\t\t\t\n\n\t<div id=\"text-3302514448\" class=\"text\">\n\t\t\n\n<p>Viel Platz f\u00fcr Knochen und Knochenersatz-Material<\/p>\n\t\t\n<style>\n#text-3302514448 {\n  font-size: 1.2rem;\n}\n<\/style>\n\t<\/div>\n\t\n\n\t\t<\/div>\n\t\t\t<\/div>\n\n\t\n\n<\/div>\n\n\t\t<\/div>\n\t\t\t<\/div>\n\n\t\n\n\t<div id=\"col-1408206118\" class=\"col medium-4 small-12 large-4\"  >\n\t\t<div class=\"col-inner\"  >\n\t\t\t\n\t\t\t\n\n<div class=\"row align-middle\"  id=\"row-384497952\">\n\n\n\t<div id=\"col-276611375\" class=\"col medium-3 small-12 large-3\"  >\n\t\t<div class=\"col-inner\"  >\n\t\t\t\n\t\t\t\n\n\t<div class=\"img has-hover x md-x lg-x y md-y lg-y\" id=\"image_1883168459\">\n\t\t\t\t\t\t\t\t<div class=\"img-inner dark\" >\n\t\t\t<img loading=\"lazy\" decoding=\"async\" width=\"512\" height=\"512\" src=\"http:\/\/dinom.de\/arca\/wp-content\/uploads\/2021\/06\/check-mark.png\" class=\"attachment-large size-large\" alt=\"\" srcset=\"http:\/\/dinom.de\/arca\/wp-content\/uploads\/2021\/06\/check-mark.png 512w, http:\/\/dinom.de\/arca\/wp-content\/uploads\/2021\/06\/check-mark-400x400.png 400w, http:\/\/dinom.de\/arca\/wp-content\/uploads\/2021\/06\/check-mark-280x280.png 280w, http:\/\/dinom.de\/arca\/wp-content\/uploads\/2021\/06\/check-mark-300x300.png 300w, http:\/\/dinom.de\/arca\/wp-content\/uploads\/2021\/06\/check-mark-100x100.png 100w\" sizes=\"auto, (max-width: 512px) 100vw, 512px\" \/>\t\t\t\t\t\t\n\t\t\t\t\t<\/div>\n\t\t\t\t\t\t\t\t\n<style>\n#image_1883168459 {\n  width: 100%;\n}\n<\/style>\n\t<\/div>\n\t\n\n\n\t\t<\/div>\n\t\t\t<\/div>\n\n\t\n\n\t<div id=\"col-233080384\" class=\"col medium-9 small-12 large-9\"  >\n\t\t<div class=\"col-inner\"  >\n\t\t\t\n\t\t\t\n\n\t<div id=\"text-460423980\" class=\"text\">\n\t\t\n\n<p>Osteokonduktives Titan<\/p>\n\t\t\n<style>\n#text-460423980 {\n  font-size: 1.2rem;\n}\n<\/style>\n\t<\/div>\n\t\n\n\t\t<\/div>\n\t\t\t<\/div>\n\n\t\n\n<\/div>\n\n\t\t<\/div>\n\t\t\t<\/div>\n\n\t\n\n\t<div id=\"col-1319704191\" class=\"col medium-4 small-12 large-4\"  >\n\t\t<div class=\"col-inner\"  >\n\t\t\t\n\t\t\t\n\n<div class=\"row align-middle\"  id=\"row-74825709\">\n\n\n\t<div id=\"col-506211752\" class=\"col medium-3 small-12 large-3\"  >\n\t\t<div class=\"col-inner\"  >\n\t\t\t\n\t\t\t\n\n\t<div class=\"img has-hover x md-x lg-x y md-y lg-y\" id=\"image_359225641\">\n\t\t\t\t\t\t\t\t<div class=\"img-inner dark\" >\n\t\t\t<img loading=\"lazy\" decoding=\"async\" width=\"512\" height=\"512\" src=\"http:\/\/dinom.de\/arca\/wp-content\/uploads\/2021\/06\/check-mark.png\" class=\"attachment-large size-large\" alt=\"\" srcset=\"http:\/\/dinom.de\/arca\/wp-content\/uploads\/2021\/06\/check-mark.png 512w, http:\/\/dinom.de\/arca\/wp-content\/uploads\/2021\/06\/check-mark-400x400.png 400w, http:\/\/dinom.de\/arca\/wp-content\/uploads\/2021\/06\/check-mark-280x280.png 280w, http:\/\/dinom.de\/arca\/wp-content\/uploads\/2021\/06\/check-mark-300x300.png 300w, http:\/\/dinom.de\/arca\/wp-content\/uploads\/2021\/06\/check-mark-100x100.png 100w\" sizes=\"auto, (max-width: 512px) 100vw, 512px\" \/>\t\t\t\t\t\t\n\t\t\t\t\t<\/div>\n\t\t\t\t\t\t\t\t\n<style>\n#image_359225641 {\n  width: 100%;\n}\n<\/style>\n\t<\/div>\n\t\n\n\n\t\t<\/div>\n\t\t\t<\/div>\n\n\t\n\n\t<div id=\"col-908205679\" class=\"col medium-9 small-12 large-9\"  >\n\t\t<div class=\"col-inner\"  >\n\t\t\t\n\t\t\t\n\n\t<div id=\"text-2424632277\" class=\"text\">\n\t\t\n\n<p>Steril verpackt<\/p>\n\t\t\n<style>\n#text-2424632277 {\n  font-size: 1.2rem;\n}\n<\/style>\n\t<\/div>\n\t\n\n\t\t<\/div>\n\t\t\t<\/div>\n\n\t\n\n<\/div>\n\n\t\t<\/div>\n\t\t\t<\/div>\n\n\t\n\n<\/div>\n\n\t\t<\/div>\n\n\t\t\n<style>\n#section_1328799223 {\n  padding-top: 30px;\n  padding-bottom: 30px;\n  background-color: #c1c1c1;\n}\n<\/style>\n\t<\/section>\n\t\n\t<section class=\"section\" id=\"section_860189917\">\n\t\t<div class=\"bg section-bg fill bg-fill  bg-loaded\" >\n\n\t\t\t\n\t\t\t\n\t\t\t\n\n\t\t<\/div>\n\n\t\t<div class=\"section-content relative\">\n\t\t\t\n\n<div class=\"row\"  id=\"row-1263383074\">\n\n\n\t<div id=\"col-12058075\" class=\"col small-12 large-12\"  >\n\t\t<div class=\"col-inner\"  >\n\t\t\t\n\t\t\t\n\n\t<div id=\"text-788692049\" class=\"text\">\n\t\t\n\n<h2 style=\"text-align: left;\">Chirurgische Zug\u00e4nge<\/h2>\n<p style=\"text-align: left;\">Unsere\u00a0CageOne\u2122\u00a0Technologie erm\u00f6glicht Operateuren mit einem Produkt\u00a0drei chirurgische\u00a0Zug\u00e4nge. Hierdurch erm\u00f6glichen wir Implantationen mit gr\u00f6\u00dftm\u00f6glicher Flexibilit\u00e4t.<\/p>\n\t\t\n<style>\n#text-788692049 {\n  font-size: 1rem;\n  text-align: left;\n}\n<\/style>\n\t<\/div>\n\t\n\n\t\t<\/div>\n\t\t\t<\/div>\n\n\t\n\n<\/div>\n<div class=\"row row-large align-center row-divided\"  id=\"row-161897974\">\n\n\n\t<div id=\"col-1749681355\" class=\"col medium-4 large-4\"  >\n\t\t<div class=\"col-inner\"  >\n\t\t\t\n\t\t\t\n\n\t<div class=\"box has-hover   has-hover box-text-bottom\" >\n\n\t\t<div class=\"box-image\" >\n\t\t\t\t\t\t<div class=\"\" >\n\t\t\t\t<img loading=\"lazy\" decoding=\"async\" width=\"585\" height=\"600\" src=\"http:\/\/dinom.de\/arca\/wp-content\/uploads\/2021\/06\/csm_cage-one_Zugang_transforaminal_1cdef34844.jpg\" class=\"attachment- size-\" alt=\"\" srcset=\"http:\/\/dinom.de\/arca\/wp-content\/uploads\/2021\/06\/csm_cage-one_Zugang_transforaminal_1cdef34844.jpg 585w, http:\/\/dinom.de\/arca\/wp-content\/uploads\/2021\/06\/csm_cage-one_Zugang_transforaminal_1cdef34844-390x400.jpg 390w\" sizes=\"auto, (max-width: 585px) 100vw, 585px\" \/>\t\t\t\t\t\t\t\t\t\t\t<\/div>\n\t\t\t\t\t<\/div>\n\n\t\t<div class=\"box-text text-center\" >\n\t\t\t<div class=\"box-text-inner\">\n\t\t\t\t\n\n<h4>Transforaminaler Zugang<\/h4>\n<p>\u00a0<\/p>\n\n\t\t\t<\/div>\n\t\t<\/div>\n\t<\/div>\n\t\n\n\t\t<\/div>\n\t\t\t<\/div>\n\n\t\n\n\t<div id=\"col-1702976458\" class=\"col medium-4 large-4\"  >\n\t\t<div class=\"col-inner\"  >\n\t\t\t\n\t\t\t\n\n\t<div class=\"box has-hover   has-hover box-text-bottom\" >\n\n\t\t<div class=\"box-image\" >\n\t\t\t\t\t\t<div class=\"\" >\n\t\t\t\t<img loading=\"lazy\" decoding=\"async\" width=\"585\" height=\"600\" src=\"http:\/\/dinom.de\/arca\/wp-content\/uploads\/2021\/06\/csm_cage-one_Zugang_lateral_093d971668.jpg\" class=\"attachment- size-\" alt=\"\" srcset=\"http:\/\/dinom.de\/arca\/wp-content\/uploads\/2021\/06\/csm_cage-one_Zugang_lateral_093d971668.jpg 585w, http:\/\/dinom.de\/arca\/wp-content\/uploads\/2021\/06\/csm_cage-one_Zugang_lateral_093d971668-390x400.jpg 390w\" sizes=\"auto, (max-width: 585px) 100vw, 585px\" \/>\t\t\t\t\t\t\t\t\t\t\t<\/div>\n\t\t\t\t\t<\/div>\n\n\t\t<div class=\"box-text text-center\" >\n\t\t\t<div class=\"box-text-inner\">\n\t\t\t\t\n\n<h4>Anteriorer Zugang<\/h4>\n<p>\u00a0<\/p>\n\n\t\t\t<\/div>\n\t\t<\/div>\n\t<\/div>\n\t\n\n\t\t<\/div>\n\t\t\t<\/div>\n\n\t\n\n\t<div id=\"col-1097244139\" class=\"col medium-4 large-4\"  >\n\t\t<div class=\"col-inner\"  >\n\t\t\t\n\t\t\t\n\n\t<div class=\"box has-hover   has-hover box-text-bottom\" >\n\n\t\t<div class=\"box-image\" >\n\t\t\t\t\t\t<div class=\"\" >\n\t\t\t\t<img loading=\"lazy\" decoding=\"async\" width=\"585\" height=\"600\" src=\"http:\/\/dinom.de\/arca\/wp-content\/uploads\/2021\/06\/csm_cage-one_Zugang_lateral_093d971668.jpg\" class=\"attachment- size-\" alt=\"\" srcset=\"http:\/\/dinom.de\/arca\/wp-content\/uploads\/2021\/06\/csm_cage-one_Zugang_lateral_093d971668.jpg 585w, http:\/\/dinom.de\/arca\/wp-content\/uploads\/2021\/06\/csm_cage-one_Zugang_lateral_093d971668-390x400.jpg 390w\" sizes=\"auto, (max-width: 585px) 100vw, 585px\" \/>\t\t\t\t\t\t\t\t\t\t\t<\/div>\n\t\t\t\t\t<\/div>\n\n\t\t<div class=\"box-text text-center\" >\n\t\t\t<div class=\"box-text-inner\">\n\t\t\t\t\n\n<h4>Lateraler Zugang<\/h4>\n<p>\u00a0<\/p>\n\n\t\t\t<\/div>\n\t\t<\/div>\n\t<\/div>\n\t\n\n\t\t<\/div>\n\t\t\t<\/div>\n\n\t\n\n<\/div>\n\n\t\t<\/div>\n\n\t\t\n<style>\n#section_860189917 {\n  padding-top: 30px;\n  padding-bottom: 30px;\n}\n<\/style>\n\t<\/section>\n\t\n\t<section class=\"section\" id=\"section_168710611\">\n\t\t<div class=\"bg section-bg fill bg-fill  bg-loaded\" >\n\n\t\t\t\n\t\t\t<div class=\"section-bg-overlay absolute fill\"><\/div>\n\t\t\t\n\n\t\t<\/div>\n\n\t\t<div class=\"section-content relative\">\n\t\t\t\n\n<div class=\"row row-large align-middle\"  id=\"row-1945664912\">\n\n\n\t<div id=\"col-869343979\" class=\"col medium-6 small-12 large-6\"  >\n\t\t<div class=\"col-inner\"  >\n\t\t\t\n\t\t\t\n\n\t<div class=\"img has-hover x md-x lg-x y md-y lg-y\" id=\"image_350105514\">\n\t\t<a class=\"\" href=\"http:\/\/dinom.de\/arca\/wp-content\/uploads\/2021\/07\/CageOne_Broschuere_deutsch_V3_02.pdf\" target=\"_blank\" rel=\"noopener noreferrer\" >\t\t\t\t\t\t<div class=\"img-inner dark\" >\n\t\t\t<img loading=\"lazy\" decoding=\"async\" width=\"1020\" height=\"721\" src=\"http:\/\/dinom.de\/arca\/wp-content\/uploads\/2021\/06\/CageOne_Broschuere_deutsch_V3_02_Seite_1-1131x800.jpg\" class=\"attachment-large size-large\" alt=\"\" srcset=\"http:\/\/dinom.de\/arca\/wp-content\/uploads\/2021\/06\/CageOne_Broschuere_deutsch_V3_02_Seite_1-1131x800.jpg 1131w, http:\/\/dinom.de\/arca\/wp-content\/uploads\/2021\/06\/CageOne_Broschuere_deutsch_V3_02_Seite_1-566x400.jpg 566w, http:\/\/dinom.de\/arca\/wp-content\/uploads\/2021\/06\/CageOne_Broschuere_deutsch_V3_02_Seite_1-768x543.jpg 768w, http:\/\/dinom.de\/arca\/wp-content\/uploads\/2021\/06\/CageOne_Broschuere_deutsch_V3_02_Seite_1-1536x1086.jpg 1536w, http:\/\/dinom.de\/arca\/wp-content\/uploads\/2021\/06\/CageOne_Broschuere_deutsch_V3_02_Seite_1-2048x1448.jpg 2048w, http:\/\/dinom.de\/arca\/wp-content\/uploads\/2021\/06\/CageOne_Broschuere_deutsch_V3_02_Seite_1-600x424.jpg 600w\" sizes=\"auto, (max-width: 1020px) 100vw, 1020px\" \/>\t\t\t\t\t\t\n\t\t\t\t\t<\/div>\n\t\t\t\t\t\t<\/a>\t\t\n<style>\n#image_350105514 {\n  width: 100%;\n}\n<\/style>\n\t<\/div>\n\t\n\n\n\t\t<\/div>\n\t\t\t<\/div>\n\n\t\n\n\t<div id=\"col-233932412\" class=\"col medium-6 small-12 large-6\"  >\n\t\t<div class=\"col-inner text-left\"  >\n\t\t\t\n\t\t\t\n\n<h1>CageOne\u2122 Produktinformationen<\/h1>\n<p>\u00a0<\/p>\n<a rel=\"noopener noreferrer\" href=\"http:\/\/dinom.de\/arca\/wp-content\/uploads\/2021\/07\/CageOne_Broschuere_deutsch_V3_02.pdf\" target=\"_blank\" class=\"button primary lowercase\"  >\n    <span>Produktbrosch\u00fcre Cage One (PDF)<\/span>\n  <\/a>\n\n\n\n\t\t<\/div>\n\t\t\t<\/div>\n\n\t\n\n<\/div>\n\n\t\t<\/div>\n\n\t\t\n<style>\n#section_168710611 {\n  padding-top: 60px;\n  padding-bottom: 60px;\n  background-color: rgb(193, 193, 193);\n}\n#section_168710611 .section-bg-overlay {\n  background-color: rgba(255, 255, 255, 0.85);\n}\n<\/style>\n\t<\/section>\n\t\n\n","protected":false},"excerpt":{"rendered":"","protected":false},"author":1,"featured_media":0,"parent":887,"menu_order":0,"comment_status":"closed","ping_status":"closed","template":"page-blank.php","meta":{"footnotes":""},"class_list":["post-890","page","type-page","status-publish","hentry"],"_links":{"self":[{"href":"http:\/\/dinom.de\/arca\/wp-json\/wp\/v2\/pages\/890","targetHints":{"allow":["GET"]}}],"collection":[{"href":"http:\/\/dinom.de\/arca\/wp-json\/wp\/v2\/pages"}],"about":[{"href":"http:\/\/dinom.de\/arca\/wp-json\/wp\/v2\/types\/page"}],"author":[{"embeddable":true,"href":"http:\/\/dinom.de\/arca\/wp-json\/wp\/v2\/users\/1"}],"replies":[{"embeddable":true,"href":"http:\/\/dinom.de\/arca\/wp-json\/wp\/v2\/comments?post=890"}],"version-history":[{"count":32,"href":"http:\/\/dinom.de\/arca\/wp-json\/wp\/v2\/pages\/890\/revisions"}],"predecessor-version":[{"id":1226,"href":"http:\/\/dinom.de\/arca\/wp-json\/wp\/v2\/pages\/890\/revisions\/1226"}],"up":[{"embeddable":true,"href":"http:\/\/dinom.de\/arca\/wp-json\/wp\/v2\/pages\/887"}],"wp:attachment":[{"href":"http:\/\/dinom.de\/arca\/wp-json\/wp\/v2\/media?parent=890"}],"curies":[{"name":"wp","href":"https:\/\/api.w.org\/{rel}","templated":true}]}}