{"id":929,"date":"2021-05-19T11:40:58","date_gmt":"2021-05-19T09:40:58","guid":{"rendered":"http:\/\/dinom.de\/thurgau\/?page_id=929"},"modified":"2021-06-23T09:36:04","modified_gmt":"2021-06-23T07:36:04","slug":"unternehmen","status":"publish","type":"page","link":"http:\/\/dinom.de\/arca\/unternehmen\/","title":{"rendered":"Unternehmen"},"content":{"rendered":"\n\t<section class=\"section\" id=\"section_791696922\">\n\t\t<div class=\"bg section-bg fill bg-fill  bg-loaded\" >\n\n\t\t\t\n\t\t\t\n\t\t\t\n\n\t\t<\/div>\n\n\t\t<div class=\"section-content relative\">\n\t\t\t\n\n<div class=\"row row-full-width\"  id=\"row-820030723\">\n\n\n\t<div id=\"col-2095402939\" class=\"col medium-7 small-12 large-7\"  >\n\t\t<div class=\"col-inner\"  >\n\t\t\t\n\t\t\t\n\n\t<div class=\"img has-hover x md-x lg-x y md-y lg-y\" id=\"image_1572285737\">\n\t\t\t\t\t\t\t\t<div class=\"img-inner dark\" >\n\t\t\t<img loading=\"lazy\" decoding=\"async\" width=\"603\" height=\"392\" src=\"http:\/\/dinom.de\/arca\/wp-content\/uploads\/2021\/06\/Wirbelaeule.jpg\" class=\"attachment-large size-large\" alt=\"\" srcset=\"http:\/\/dinom.de\/arca\/wp-content\/uploads\/2021\/06\/Wirbelaeule.jpg 603w, http:\/\/dinom.de\/arca\/wp-content\/uploads\/2021\/06\/Wirbelaeule-600x390.jpg 600w\" sizes=\"auto, (max-width: 603px) 100vw, 603px\" \/>\t\t\t\t\t\t\n\t\t\t\t\t<\/div>\n\t\t\t\t\t\t\t\t\n<style>\n#image_1572285737 {\n  width: 100%;\n}\n<\/style>\n\t<\/div>\n\t\n\n\n\t\t<\/div>\n\t\t\t<\/div>\n\n\t\n\n\t<div id=\"col-648212050\" class=\"col medium-5 small-12 large-5\"  >\n\t\t<div class=\"col-inner\"  >\n\t\t\t\n\t\t\t\n\n\t<div id=\"text-3939724238\" class=\"text\">\n\t\t\n\n<header><header>\n<h2 class=\"\">Wir \u00fcber uns<\/h2>\n<\/header>\n<p>ARCA-MEDICA baut auf langfristige Erfolge. Die Basis dieses Erfolges ist der\u00a0wechselseitige Erfahrungsaustausch mit den Anwendern. Deswegen bietet ARCA-MEDICA Ihnen eine Plattform f\u00fcr den Dialog und setzt die Ergebnisse gezielt in neue Produkte um. ARCA-MEDICA stellt also nicht nur fertige Produkte bereit. Vielmehr versteht sich\u00a0 das Unternehmen auch als Entwicklungspartner und Berater. So hilft es den Anwendern, das jeweils beste Implantat f\u00fcr ihre Patienten zu finden. Heute und in Zukunft. Qualit\u00e4t, Kostenbewusstsein und ein individueller Service stehen dabei f\u00fcr ARCA-MEDICA im Vordergrund.<\/p>\n<p>Wir helfen Wirbels\u00e4ulenchirurgen, ihre Patienten optimal zu versorgen.<\/p>\n<p>\u00a0<\/p>\n<header>\n<h2 class=\"\">Kontakt<\/h2>\n<\/header>\n<div>\n<p>ARCA-MEDICA GmbH<br \/>Talstra\u00dfe 7<br \/>D-76534 Baden-Baden<\/p>\n<p>Tel.: +49(0)7223 \/ 80805 210<br \/>Fax: +49(0)7223 \/ 80805 211<\/p>\n<p><a href=\"mailto:info@arca-medica.com\">info@arca-medica.com<\/a><\/p>\n<\/div>\n<\/header>\n\t\t\n<style>\n#text-3939724238 {\n  font-size: 1rem;\n}\n<\/style>\n\t<\/div>\n\t\n\n\t\t<\/div>\n\t\t\t<\/div>\n\n\t\n\n<\/div>\n\n\t\t<\/div>\n\n\t\t\n<style>\n#section_791696922 {\n  padding-top: 30px;\n  padding-bottom: 30px;\n  background-color: rgb(255, 255, 255);\n}\n<\/style>\n\t<\/section>\n\t\n\n","protected":false},"excerpt":{"rendered":"","protected":false},"author":1,"featured_media":0,"parent":0,"menu_order":0,"comment_status":"closed","ping_status":"closed","template":"page-blank.php","meta":{"footnotes":""},"class_list":["post-929","page","type-page","status-publish","hentry"],"_links":{"self":[{"href":"http:\/\/dinom.de\/arca\/wp-json\/wp\/v2\/pages\/929","targetHints":{"allow":["GET"]}}],"collection":[{"href":"http:\/\/dinom.de\/arca\/wp-json\/wp\/v2\/pages"}],"about":[{"href":"http:\/\/dinom.de\/arca\/wp-json\/wp\/v2\/types\/page"}],"author":[{"embeddable":true,"href":"http:\/\/dinom.de\/arca\/wp-json\/wp\/v2\/users\/1"}],"replies":[{"embeddable":true,"href":"http:\/\/dinom.de\/arca\/wp-json\/wp\/v2\/comments?post=929"}],"version-history":[{"count":9,"href":"http:\/\/dinom.de\/arca\/wp-json\/wp\/v2\/pages\/929\/revisions"}],"predecessor-version":[{"id":1161,"href":"http:\/\/dinom.de\/arca\/wp-json\/wp\/v2\/pages\/929\/revisions\/1161"}],"wp:attachment":[{"href":"http:\/\/dinom.de\/arca\/wp-json\/wp\/v2\/media?parent=929"}],"curies":[{"name":"wp","href":"https:\/\/api.w.org\/{rel}","templated":true}]}}